{"id":21160,"date":"2026-03-18T21:30:46","date_gmt":"2026-03-18T20:30:46","guid":{"rendered":"https:\/\/kuesten-jungle.de\/?page_id=21160"},"modified":"2026-04-06T18:07:15","modified_gmt":"2026-04-06T16:07:15","slug":"anthurium-michelle-x-a-dark-mama-x-michelle-batch-id-0010925","status":"publish","type":"page","link":"https:\/\/kuesten-jungle.de\/en\/anthurium-michelle-x-a-dark-mama-x-michelle-batch-id-0010925\/","title":{"rendered":"Anthurium Michelle X (A. Dark Mama x Michelle) Batch-ID: 0010925"},"content":{"rendered":"<div class=\"row\"  id=\"row-473683385\">\n\n\n\t<div id=\"col-683755193\" class=\"col small-12 large-12\"  >\n\t\t\t\t<div class=\"col-inner\"  >\n\t\t\t\n\t\t\t\n\n<div class=\"container section-title-container\" ><h2 class=\"section-title section-title-center\"><b aria-hidden=\"true\"><\/b><span class=\"section-title-main\" >Anthurium Michelle X (A. Dark Mama x Michelle)<\/span><b aria-hidden=\"true\"><\/b><\/h2><\/div>\n\n\t<div id=\"text-3308839135\" class=\"text\">\n\t\t\n\n<h4>Batch-ID: 0010925<\/h4>\n<h4>Geerntet: 09\/2025<\/h4>\n\t\t\n<style>\n#text-3308839135 {\n  text-align: center;\n}\n<\/style>\n\t<\/div>\n\t\n<div class=\"container section-title-container\" ><h2 class=\"section-title section-title-center\"><b aria-hidden=\"true\"><\/b><span class=\"section-title-main\" >Pflegeinfos<\/span><b aria-hidden=\"true\"><\/b><\/h2><\/div>\n\n\t<div id=\"text-1879848878\" class=\"text\">\n\t\t\n\n<h4>\ud83c\udf1e schattig, indirekt <br \/>\ud83d\udca7 1\u20132x pro Woche <br \/>\ud83c\udf21 ca. 20 \u00b0C <br \/>\ud83e\uddea bei jedem Gie\u00dfen (je nach Gr\u00f6\u00dfe)<\/h4>\n<p><span style=\"font-size: 90%;\">Alle Pflegeangaben sind Erfahrungswerte und k\u00f6nnen je nach Umgebung &amp; Pflanze variieren.<\/span><\/p>\n\t\t\n<style>\n#text-1879848878 {\n  text-align: center;\n}\n<\/style>\n\t<\/div>\n\t\n<div class=\"container section-title-container\" ><h2 class=\"section-title section-title-center\"><b aria-hidden=\"true\"><\/b><span class=\"section-title-main\" >Elternpflanzen<\/span><b aria-hidden=\"true\"><\/b><\/h2><\/div>\n\n<div class=\"row row-solid\"  id=\"row-961126486\">\n\n\n\t<div id=\"col-1406218768\" class=\"col medium-6 small-12 large-6\"  >\n\t\t\t\t<div class=\"col-inner\"  >\n\t\t\t\n\t\t\t\n\n\t<div class=\"box has-hover   has-hover box-text-bottom\" >\n\n\t\t<div class=\"box-image\" >\n\t\t\t\t\t\t<div class=\"image-cover\" style=\"padding-top:100%;\">\n\t\t\t\t<img decoding=\"async\" width=\"2048\" height=\"1719\" src=\"https:\/\/kuesten-jungle.de\/wp-content\/uploads\/2026\/03\/IMG_5550-scaled.jpg\" class=\"attachment- size-\" alt=\"\" srcset=\"https:\/\/kuesten-jungle.de\/wp-content\/uploads\/2026\/03\/IMG_5550-scaled.jpg 2048w, https:\/\/kuesten-jungle.de\/wp-content\/uploads\/2026\/03\/IMG_5550-477x400.jpg 477w, https:\/\/kuesten-jungle.de\/wp-content\/uploads\/2026\/03\/IMG_5550-953x800.jpg 953w, https:\/\/kuesten-jungle.de\/wp-content\/uploads\/2026\/03\/IMG_5550-768x645.jpg 768w, https:\/\/kuesten-jungle.de\/wp-content\/uploads\/2026\/03\/IMG_5550-1536x1289.jpg 1536w, https:\/\/kuesten-jungle.de\/wp-content\/uploads\/2026\/03\/IMG_5550-14x12.jpg 14w, https:\/\/kuesten-jungle.de\/wp-content\/uploads\/2026\/03\/IMG_5550-600x504.jpg 600w\" sizes=\"(max-width: 2048px) 100vw, 2048px\" \/>\t\t\t\t\t\t\t\t\t\t\t<\/div>\n\t\t\t\t\t<\/div>\n\n\t\t<div class=\"box-text text-center\" >\n\t\t\t<div class=\"box-text-inner\">\n\t\t\t\t\n\n<h4>A. Michelle<\/h4>\n<p><strong>Seed parent<\/strong><\/p>\n\n\n<a href=\"https:\/\/kuesten-jungle.de\/wp-content\/uploads\/2026\/03\/IMG_5550-scaled.jpg\" download>Bild herunterladen<\/a>\n\n\n\t\t\t<\/div>\n\t\t<\/div>\n\t<\/div>\n\t\n\n\t\t<\/div>\n\t\t\t\t\t<\/div>\n\n\t\n\n\t<div id=\"col-1510166419\" class=\"col medium-6 small-12 large-6\"  >\n\t\t\t\t<div class=\"col-inner\"  >\n\t\t\t\n\t\t\t\n\n\t<div class=\"box has-hover   has-hover box-text-bottom\" >\n\n\t\t<div class=\"box-image\" >\n\t\t\t\t\t\t<div class=\"image-cover\" style=\"padding-top:100%;\">\n\t\t\t\t<img decoding=\"async\" width=\"1365\" height=\"2048\" src=\"https:\/\/kuesten-jungle.de\/wp-content\/uploads\/2026\/03\/IMG_5553-scaled.jpg\" class=\"attachment- size-\" alt=\"\" srcset=\"https:\/\/kuesten-jungle.de\/wp-content\/uploads\/2026\/03\/IMG_5553-scaled.jpg 1365w, https:\/\/kuesten-jungle.de\/wp-content\/uploads\/2026\/03\/IMG_5553-267x400.jpg 267w, https:\/\/kuesten-jungle.de\/wp-content\/uploads\/2026\/03\/IMG_5553-533x800.jpg 533w, https:\/\/kuesten-jungle.de\/wp-content\/uploads\/2026\/03\/IMG_5553-768x1152.jpg 768w, https:\/\/kuesten-jungle.de\/wp-content\/uploads\/2026\/03\/IMG_5553-1024x1536.jpg 1024w, https:\/\/kuesten-jungle.de\/wp-content\/uploads\/2026\/03\/IMG_5553-8x12.jpg 8w, https:\/\/kuesten-jungle.de\/wp-content\/uploads\/2026\/03\/IMG_5553-600x900.jpg 600w\" sizes=\"(max-width: 1365px) 100vw, 1365px\" \/>\t\t\t\t\t\t\t\t\t\t\t<\/div>\n\t\t\t\t\t<\/div>\n\n\t\t<div class=\"box-text text-center\" >\n\t\t\t<div class=\"box-text-inner\">\n\t\t\t\t\n\n<h4>A. Dark Mama X Michelle<\/h4>\n<p>Dark Mama = Anthurium warocqueanum<\/p>\n<p>X Anthurium papillilaminum<\/p>\n<p><strong>Pollen donor<\/strong><\/p>\n\n\n<a href=\"https:\/\/kuesten-jungle.de\/wp-content\/uploads\/2026\/03\/IMG_5553-scaled.jpg\" download>Bild herunterladen<\/a>\n\n\n\t\t\t<\/div>\n\t\t<\/div>\n\t<\/div>\n\t\n\n\t\t<\/div>\n\t\t\t\t\t<\/div>\n\n\t\n\n<\/div>\n\n\t\t<\/div>\n\t\t\t\t\t<\/div>\n\n\t\n\n<\/div>","protected":false},"excerpt":{"rendered":"","protected":false},"author":58,"featured_media":0,"parent":0,"menu_order":0,"comment_status":"closed","ping_status":"closed","template":"","meta":{"footnotes":""},"class_list":["post-21160","page","type-page","status-publish","hentry"],"acf":[],"yoast_head":"<!-- This site is optimized with the Yoast SEO plugin v27.5 - https:\/\/yoast.com\/product\/yoast-seo-wordpress\/ -->\n<title>Anthurium Michelle X (A. Dark Mama x Michelle) Batch-ID: 0010925 - K\u00fcsten Jungle<\/title>\n<meta name=\"robots\" content=\"index, follow, max-snippet:-1, max-image-preview:large, max-video-preview:-1\" \/>\n<link rel=\"canonical\" href=\"https:\/\/kuesten-jungle.de\/en\/anthurium-michelle-x-a-dark-mama-x-michelle-batch-id-0010925\/\" \/>\n<meta property=\"og:locale\" content=\"en_US\" \/>\n<meta property=\"og:type\" content=\"article\" \/>\n<meta property=\"og:title\" content=\"Anthurium Michelle X (A. Dark Mama x Michelle) Batch-ID: 0010925 - K\u00fcsten Jungle\" \/>\n<meta property=\"og:url\" content=\"https:\/\/kuesten-jungle.de\/en\/anthurium-michelle-x-a-dark-mama-x-michelle-batch-id-0010925\/\" \/>\n<meta property=\"og:site_name\" content=\"K\u00fcsten Jungle\" \/>\n<meta property=\"article:modified_time\" content=\"2026-04-06T16:07:15+00:00\" \/>\n<meta property=\"og:image\" content=\"https:\/\/kuesten-jungle.de\/wp-content\/uploads\/2022\/01\/weiss-pngss-1.png\" \/>\n\t<meta property=\"og:image:width\" content=\"1014\" \/>\n\t<meta property=\"og:image:height\" content=\"1347\" \/>\n\t<meta property=\"og:image:type\" content=\"image\/png\" \/>\n<meta name=\"twitter:card\" content=\"summary_large_image\" \/>\n<script type=\"application\/ld+json\" class=\"yoast-schema-graph\">{\"@context\":\"https:\\\/\\\/schema.org\",\"@graph\":[{\"@type\":\"WebPage\",\"@id\":\"https:\\\/\\\/kuesten-jungle.de\\\/anthurium-michelle-x-a-dark-mama-x-michelle-batch-id-0010925\\\/\",\"url\":\"https:\\\/\\\/kuesten-jungle.de\\\/anthurium-michelle-x-a-dark-mama-x-michelle-batch-id-0010925\\\/\",\"name\":\"Anthurium Michelle X (A. Dark Mama x Michelle) Batch-ID: 0010925 - K\u00fcsten Jungle\",\"isPartOf\":{\"@id\":\"https:\\\/\\\/kuesten-jungle.de\\\/#website\"},\"datePublished\":\"2026-03-18T20:30:46+00:00\",\"dateModified\":\"2026-04-06T16:07:15+00:00\",\"breadcrumb\":{\"@id\":\"https:\\\/\\\/kuesten-jungle.de\\\/anthurium-michelle-x-a-dark-mama-x-michelle-batch-id-0010925\\\/#breadcrumb\"},\"inLanguage\":\"en-US\",\"potentialAction\":[{\"@type\":\"ReadAction\",\"target\":[\"https:\\\/\\\/kuesten-jungle.de\\\/anthurium-michelle-x-a-dark-mama-x-michelle-batch-id-0010925\\\/\"]}]},{\"@type\":\"BreadcrumbList\",\"@id\":\"https:\\\/\\\/kuesten-jungle.de\\\/anthurium-michelle-x-a-dark-mama-x-michelle-batch-id-0010925\\\/#breadcrumb\",\"itemListElement\":[{\"@type\":\"ListItem\",\"position\":1,\"name\":\"Startseite\",\"item\":\"https:\\\/\\\/kuesten-jungle.de\\\/\"},{\"@type\":\"ListItem\",\"position\":2,\"name\":\"Anthurium Michelle X (A. Dark Mama x Michelle) Batch-ID: 0010925\"}]},{\"@type\":\"WebSite\",\"@id\":\"https:\\\/\\\/kuesten-jungle.de\\\/#website\",\"url\":\"https:\\\/\\\/kuesten-jungle.de\\\/\",\"name\":\"K\u00fcsten Jungle\",\"description\":\"Dein Shop f\u00fcr deinen Jungle\",\"publisher\":{\"@id\":\"https:\\\/\\\/kuesten-jungle.de\\\/#organization\"},\"potentialAction\":[{\"@type\":\"SearchAction\",\"target\":{\"@type\":\"EntryPoint\",\"urlTemplate\":\"https:\\\/\\\/kuesten-jungle.de\\\/?s={search_term_string}\"},\"query-input\":{\"@type\":\"PropertyValueSpecification\",\"valueRequired\":true,\"valueName\":\"search_term_string\"}}],\"inLanguage\":\"en-US\"},{\"@type\":\"Organization\",\"@id\":\"https:\\\/\\\/kuesten-jungle.de\\\/#organization\",\"name\":\"K\u00fcsten Jungle\",\"url\":\"https:\\\/\\\/kuesten-jungle.de\\\/\",\"logo\":{\"@type\":\"ImageObject\",\"inLanguage\":\"en-US\",\"@id\":\"https:\\\/\\\/kuesten-jungle.de\\\/#\\\/schema\\\/logo\\\/image\\\/\",\"url\":\"https:\\\/\\\/kuesten-jungle.de\\\/wp-content\\\/uploads\\\/2022\\\/01\\\/weiss-pngss-1.png\",\"contentUrl\":\"https:\\\/\\\/kuesten-jungle.de\\\/wp-content\\\/uploads\\\/2022\\\/01\\\/weiss-pngss-1.png\",\"width\":1014,\"height\":1347,\"caption\":\"K\u00fcsten Jungle\"},\"image\":{\"@id\":\"https:\\\/\\\/kuesten-jungle.de\\\/#\\\/schema\\\/logo\\\/image\\\/\"}}]}<\/script>\n<!-- \/ Yoast SEO plugin. -->","yoast_head_json":{"title":"Anthurium Michelle X (A. Dark Mama x Michelle) Batch-ID: 0010925 - K\u00fcsten Jungle","robots":{"index":"index","follow":"follow","max-snippet":"max-snippet:-1","max-image-preview":"max-image-preview:large","max-video-preview":"max-video-preview:-1"},"canonical":"https:\/\/kuesten-jungle.de\/en\/anthurium-michelle-x-a-dark-mama-x-michelle-batch-id-0010925\/","og_locale":"en_US","og_type":"article","og_title":"Anthurium Michelle X (A. Dark Mama x Michelle) Batch-ID: 0010925 - K\u00fcsten Jungle","og_url":"https:\/\/kuesten-jungle.de\/en\/anthurium-michelle-x-a-dark-mama-x-michelle-batch-id-0010925\/","og_site_name":"K\u00fcsten Jungle","article_modified_time":"2026-04-06T16:07:15+00:00","og_image":[{"width":1014,"height":1347,"url":"https:\/\/kuesten-jungle.de\/wp-content\/uploads\/2022\/01\/weiss-pngss-1.png","type":"image\/png"}],"twitter_card":"summary_large_image","schema":{"@context":"https:\/\/schema.org","@graph":[{"@type":"WebPage","@id":"https:\/\/kuesten-jungle.de\/anthurium-michelle-x-a-dark-mama-x-michelle-batch-id-0010925\/","url":"https:\/\/kuesten-jungle.de\/anthurium-michelle-x-a-dark-mama-x-michelle-batch-id-0010925\/","name":"Anthurium Michelle X (A. Dark Mama x Michelle) Batch-ID: 0010925 - K\u00fcsten Jungle","isPartOf":{"@id":"https:\/\/kuesten-jungle.de\/#website"},"datePublished":"2026-03-18T20:30:46+00:00","dateModified":"2026-04-06T16:07:15+00:00","breadcrumb":{"@id":"https:\/\/kuesten-jungle.de\/anthurium-michelle-x-a-dark-mama-x-michelle-batch-id-0010925\/#breadcrumb"},"inLanguage":"en-US","potentialAction":[{"@type":"ReadAction","target":["https:\/\/kuesten-jungle.de\/anthurium-michelle-x-a-dark-mama-x-michelle-batch-id-0010925\/"]}]},{"@type":"BreadcrumbList","@id":"https:\/\/kuesten-jungle.de\/anthurium-michelle-x-a-dark-mama-x-michelle-batch-id-0010925\/#breadcrumb","itemListElement":[{"@type":"ListItem","position":1,"name":"Startseite","item":"https:\/\/kuesten-jungle.de\/"},{"@type":"ListItem","position":2,"name":"Anthurium Michelle X (A. Dark Mama x Michelle) Batch-ID: 0010925"}]},{"@type":"WebSite","@id":"https:\/\/kuesten-jungle.de\/#website","url":"https:\/\/kuesten-jungle.de\/","name":"K\u00fcsten Jungle","description":"Your store for your jungle","publisher":{"@id":"https:\/\/kuesten-jungle.de\/#organization"},"potentialAction":[{"@type":"SearchAction","target":{"@type":"EntryPoint","urlTemplate":"https:\/\/kuesten-jungle.de\/?s={search_term_string}"},"query-input":{"@type":"PropertyValueSpecification","valueRequired":true,"valueName":"search_term_string"}}],"inLanguage":"en-US"},{"@type":"Organization","@id":"https:\/\/kuesten-jungle.de\/#organization","name":"K\u00fcsten Jungle","url":"https:\/\/kuesten-jungle.de\/","logo":{"@type":"ImageObject","inLanguage":"en-US","@id":"https:\/\/kuesten-jungle.de\/#\/schema\/logo\/image\/","url":"https:\/\/kuesten-jungle.de\/wp-content\/uploads\/2022\/01\/weiss-pngss-1.png","contentUrl":"https:\/\/kuesten-jungle.de\/wp-content\/uploads\/2022\/01\/weiss-pngss-1.png","width":1014,"height":1347,"caption":"K\u00fcsten Jungle"},"image":{"@id":"https:\/\/kuesten-jungle.de\/#\/schema\/logo\/image\/"}}]}},"_links":{"self":[{"href":"https:\/\/kuesten-jungle.de\/en\/wp-json\/wp\/v2\/pages\/21160","targetHints":{"allow":["GET"]}}],"collection":[{"href":"https:\/\/kuesten-jungle.de\/en\/wp-json\/wp\/v2\/pages"}],"about":[{"href":"https:\/\/kuesten-jungle.de\/en\/wp-json\/wp\/v2\/types\/page"}],"author":[{"embeddable":true,"href":"https:\/\/kuesten-jungle.de\/en\/wp-json\/wp\/v2\/users\/58"}],"replies":[{"embeddable":true,"href":"https:\/\/kuesten-jungle.de\/en\/wp-json\/wp\/v2\/comments?post=21160"}],"version-history":[{"count":0,"href":"https:\/\/kuesten-jungle.de\/en\/wp-json\/wp\/v2\/pages\/21160\/revisions"}],"wp:attachment":[{"href":"https:\/\/kuesten-jungle.de\/en\/wp-json\/wp\/v2\/media?parent=21160"}],"curies":[{"name":"wp","href":"https:\/\/api.w.org\/{rel}","templated":true}]}}