{"id":11060,"date":"2024-08-01T21:07:56","date_gmt":"2024-08-01T19:07:56","guid":{"rendered":"https:\/\/kuesten-jungle.de\/?post_type=product&#038;p=11060"},"modified":"2026-04-08T09:39:00","modified_gmt":"2026-04-08T07:39:00","slug":"hesi-tnt-complex-1-liter","status":"publish","type":"product","link":"https:\/\/kuesten-jungle.de\/en\/product\/hesi-tnt-complex-1-liter\/","title":{"rendered":"Hesi TNT Complex 1 liter"},"content":{"rendered":"","protected":false},"excerpt":{"rendered":"<ul>\n<li>a mineral plant fertilizer enriched with vital substances that promote growth<\/li>\n<li>from organic nitrogen<\/li>\n<li>also suitable for young and mother plants due to the low salt content<\/li>\n<li>Suitable for indoor, outdoor, greenhouse and also for coconut substrate<\/li>\n<\/ul>\n<p><strong>Price per liter<\/strong><\/p>","protected":false},"featured_media":11061,"comment_status":"open","ping_status":"closed","template":"","meta":[],"product_brand":[],"product_cat":[206],"product_tag":[595],"class_list":{"0":"post-11060","1":"product","2":"type-product","3":"status-publish","4":"has-post-thumbnail","6":"product_cat-zubehoer","7":"product_tag-hesi-tnt-complex","8":"product_shipping_class-zubehoer","10":"first","11":"instock","12":"taxable","13":"shipping-taxable","14":"purchasable","15":"product-type-simple"},"acf":[],"yoast_head":"<!-- This site is optimized with the Yoast SEO plugin v27.3 - https:\/\/yoast.com\/product\/yoast-seo-wordpress\/ -->\n<title>Hesi TNT Complex 1 Liter - K\u00fcsten Jungle<\/title>\n<meta name=\"robots\" content=\"index, follow, max-snippet:-1, max-image-preview:large, max-video-preview:-1\" \/>\n<link rel=\"canonical\" href=\"https:\/\/kuesten-jungle.de\/en\/product\/hesi-tnt-complex-1-liter\/\" \/>\n<meta property=\"og:locale\" content=\"en_US\" \/>\n<meta property=\"og:type\" content=\"article\" \/>\n<meta property=\"og:title\" content=\"Hesi TNT Complex 1 Liter - K\u00fcsten Jungle\" \/>\n<meta property=\"og:description\" content=\"ein mineralischer Pflanzend\u00fcnger, angereichert mit Vitalstoffen, die das Wachstum f\u00f6rdern  aus organischem Stickstoff  aufgrund des geringen Salzgehaltes auch f\u00fcr Jung- und Mutterpflanzen geeignet  f\u00fcr Indoor, Outdoor, Gew\u00e4chshaus und auch f\u00fcr Kokossubstrat geeignet  Preis pro Liter\" \/>\n<meta property=\"og:url\" content=\"https:\/\/kuesten-jungle.de\/en\/product\/hesi-tnt-complex-1-liter\/\" \/>\n<meta property=\"og:site_name\" content=\"K\u00fcsten Jungle\" \/>\n<meta property=\"article:modified_time\" content=\"2026-04-08T07:39:00+00:00\" \/>\n<meta property=\"og:image\" content=\"https:\/\/kuesten-jungle.de\/wp-content\/uploads\/2024\/08\/IMG_1207.jpg\" \/>\n\t<meta property=\"og:image:width\" content=\"1920\" \/>\n\t<meta property=\"og:image:height\" content=\"1198\" \/>\n\t<meta property=\"og:image:type\" content=\"image\/jpeg\" \/>\n<meta name=\"twitter:card\" content=\"summary_large_image\" \/>\n<meta name=\"twitter:label1\" content=\"Est. reading time\" \/>\n\t<meta name=\"twitter:data1\" content=\"1 minute\" \/>\n<script type=\"application\/ld+json\" class=\"yoast-schema-graph\">{\"@context\":\"https:\\\/\\\/schema.org\",\"@graph\":[{\"@type\":\"WebPage\",\"@id\":\"https:\\\/\\\/kuesten-jungle.de\\\/product\\\/hesi-tnt-complex-1-liter\\\/\",\"url\":\"https:\\\/\\\/kuesten-jungle.de\\\/product\\\/hesi-tnt-complex-1-liter\\\/\",\"name\":\"Hesi TNT Complex 1 Liter - K\u00fcsten Jungle\",\"isPartOf\":{\"@id\":\"https:\\\/\\\/kuesten-jungle.de\\\/#website\"},\"primaryImageOfPage\":{\"@id\":\"https:\\\/\\\/kuesten-jungle.de\\\/product\\\/hesi-tnt-complex-1-liter\\\/#primaryimage\"},\"image\":{\"@id\":\"https:\\\/\\\/kuesten-jungle.de\\\/product\\\/hesi-tnt-complex-1-liter\\\/#primaryimage\"},\"thumbnailUrl\":\"https:\\\/\\\/kuesten-jungle.de\\\/wp-content\\\/uploads\\\/2024\\\/08\\\/IMG_1207.jpg\",\"datePublished\":\"2024-08-01T19:07:56+00:00\",\"dateModified\":\"2026-04-08T07:39:00+00:00\",\"breadcrumb\":{\"@id\":\"https:\\\/\\\/kuesten-jungle.de\\\/product\\\/hesi-tnt-complex-1-liter\\\/#breadcrumb\"},\"inLanguage\":\"en-US\",\"potentialAction\":[{\"@type\":\"ReadAction\",\"target\":[\"https:\\\/\\\/kuesten-jungle.de\\\/product\\\/hesi-tnt-complex-1-liter\\\/\"]}]},{\"@type\":\"ImageObject\",\"inLanguage\":\"en-US\",\"@id\":\"https:\\\/\\\/kuesten-jungle.de\\\/product\\\/hesi-tnt-complex-1-liter\\\/#primaryimage\",\"url\":\"https:\\\/\\\/kuesten-jungle.de\\\/wp-content\\\/uploads\\\/2024\\\/08\\\/IMG_1207.jpg\",\"contentUrl\":\"https:\\\/\\\/kuesten-jungle.de\\\/wp-content\\\/uploads\\\/2024\\\/08\\\/IMG_1207.jpg\",\"width\":1920,\"height\":1198},{\"@type\":\"BreadcrumbList\",\"@id\":\"https:\\\/\\\/kuesten-jungle.de\\\/product\\\/hesi-tnt-complex-1-liter\\\/#breadcrumb\",\"itemListElement\":[{\"@type\":\"ListItem\",\"position\":1,\"name\":\"Startseite\",\"item\":\"https:\\\/\\\/kuesten-jungle.de\\\/\"},{\"@type\":\"ListItem\",\"position\":2,\"name\":\"Shop\",\"item\":\"https:\\\/\\\/kuesten-jungle.de\\\/shop\\\/\"},{\"@type\":\"ListItem\",\"position\":3,\"name\":\"Hesi TNT Complex 1 Liter\"}]},{\"@type\":\"WebSite\",\"@id\":\"https:\\\/\\\/kuesten-jungle.de\\\/#website\",\"url\":\"https:\\\/\\\/kuesten-jungle.de\\\/\",\"name\":\"K\u00fcsten Jungle\",\"description\":\"Dein Shop f\u00fcr deinen Jungle\",\"publisher\":{\"@id\":\"https:\\\/\\\/kuesten-jungle.de\\\/#organization\"},\"potentialAction\":[{\"@type\":\"SearchAction\",\"target\":{\"@type\":\"EntryPoint\",\"urlTemplate\":\"https:\\\/\\\/kuesten-jungle.de\\\/?s={search_term_string}\"},\"query-input\":{\"@type\":\"PropertyValueSpecification\",\"valueRequired\":true,\"valueName\":\"search_term_string\"}}],\"inLanguage\":\"en-US\"},{\"@type\":\"Organization\",\"@id\":\"https:\\\/\\\/kuesten-jungle.de\\\/#organization\",\"name\":\"K\u00fcsten Jungle\",\"url\":\"https:\\\/\\\/kuesten-jungle.de\\\/\",\"logo\":{\"@type\":\"ImageObject\",\"inLanguage\":\"en-US\",\"@id\":\"https:\\\/\\\/kuesten-jungle.de\\\/#\\\/schema\\\/logo\\\/image\\\/\",\"url\":\"https:\\\/\\\/kuesten-jungle.de\\\/wp-content\\\/uploads\\\/2022\\\/01\\\/weiss-pngss-1.png\",\"contentUrl\":\"https:\\\/\\\/kuesten-jungle.de\\\/wp-content\\\/uploads\\\/2022\\\/01\\\/weiss-pngss-1.png\",\"width\":1014,\"height\":1347,\"caption\":\"K\u00fcsten Jungle\"},\"image\":{\"@id\":\"https:\\\/\\\/kuesten-jungle.de\\\/#\\\/schema\\\/logo\\\/image\\\/\"}}]}<\/script>\n<!-- \/ Yoast SEO plugin. -->","yoast_head_json":{"title":"Hesi TNT Complex 1 Liter - K\u00fcsten Jungle","robots":{"index":"index","follow":"follow","max-snippet":"max-snippet:-1","max-image-preview":"max-image-preview:large","max-video-preview":"max-video-preview:-1"},"canonical":"https:\/\/kuesten-jungle.de\/en\/product\/hesi-tnt-complex-1-liter\/","og_locale":"en_US","og_type":"article","og_title":"Hesi TNT Complex 1 Liter - K\u00fcsten Jungle","og_description":"ein mineralischer Pflanzend\u00fcnger, angereichert mit Vitalstoffen, die das Wachstum f\u00f6rdern  aus organischem Stickstoff  aufgrund des geringen Salzgehaltes auch f\u00fcr Jung- und Mutterpflanzen geeignet  f\u00fcr Indoor, Outdoor, Gew\u00e4chshaus und auch f\u00fcr Kokossubstrat geeignet  Preis pro Liter","og_url":"https:\/\/kuesten-jungle.de\/en\/product\/hesi-tnt-complex-1-liter\/","og_site_name":"K\u00fcsten Jungle","article_modified_time":"2026-04-08T07:39:00+00:00","og_image":[{"width":1920,"height":1198,"url":"https:\/\/kuesten-jungle.de\/wp-content\/uploads\/2024\/08\/IMG_1207.jpg","type":"image\/jpeg"}],"twitter_card":"summary_large_image","twitter_misc":{"Est. reading time":"1 minute"},"schema":{"@context":"https:\/\/schema.org","@graph":[{"@type":"WebPage","@id":"https:\/\/kuesten-jungle.de\/product\/hesi-tnt-complex-1-liter\/","url":"https:\/\/kuesten-jungle.de\/product\/hesi-tnt-complex-1-liter\/","name":"Hesi TNT Complex 1 Liter - K\u00fcsten Jungle","isPartOf":{"@id":"https:\/\/kuesten-jungle.de\/#website"},"primaryImageOfPage":{"@id":"https:\/\/kuesten-jungle.de\/product\/hesi-tnt-complex-1-liter\/#primaryimage"},"image":{"@id":"https:\/\/kuesten-jungle.de\/product\/hesi-tnt-complex-1-liter\/#primaryimage"},"thumbnailUrl":"https:\/\/kuesten-jungle.de\/wp-content\/uploads\/2024\/08\/IMG_1207.jpg","datePublished":"2024-08-01T19:07:56+00:00","dateModified":"2026-04-08T07:39:00+00:00","breadcrumb":{"@id":"https:\/\/kuesten-jungle.de\/product\/hesi-tnt-complex-1-liter\/#breadcrumb"},"inLanguage":"en-US","potentialAction":[{"@type":"ReadAction","target":["https:\/\/kuesten-jungle.de\/product\/hesi-tnt-complex-1-liter\/"]}]},{"@type":"ImageObject","inLanguage":"en-US","@id":"https:\/\/kuesten-jungle.de\/product\/hesi-tnt-complex-1-liter\/#primaryimage","url":"https:\/\/kuesten-jungle.de\/wp-content\/uploads\/2024\/08\/IMG_1207.jpg","contentUrl":"https:\/\/kuesten-jungle.de\/wp-content\/uploads\/2024\/08\/IMG_1207.jpg","width":1920,"height":1198},{"@type":"BreadcrumbList","@id":"https:\/\/kuesten-jungle.de\/product\/hesi-tnt-complex-1-liter\/#breadcrumb","itemListElement":[{"@type":"ListItem","position":1,"name":"Startseite","item":"https:\/\/kuesten-jungle.de\/"},{"@type":"ListItem","position":2,"name":"Shop","item":"https:\/\/kuesten-jungle.de\/shop\/"},{"@type":"ListItem","position":3,"name":"Hesi TNT Complex 1 Liter"}]},{"@type":"WebSite","@id":"https:\/\/kuesten-jungle.de\/#website","url":"https:\/\/kuesten-jungle.de\/","name":"K\u00fcsten Jungle","description":"Your store for your jungle","publisher":{"@id":"https:\/\/kuesten-jungle.de\/#organization"},"potentialAction":[{"@type":"SearchAction","target":{"@type":"EntryPoint","urlTemplate":"https:\/\/kuesten-jungle.de\/?s={search_term_string}"},"query-input":{"@type":"PropertyValueSpecification","valueRequired":true,"valueName":"search_term_string"}}],"inLanguage":"en-US"},{"@type":"Organization","@id":"https:\/\/kuesten-jungle.de\/#organization","name":"K\u00fcsten Jungle","url":"https:\/\/kuesten-jungle.de\/","logo":{"@type":"ImageObject","inLanguage":"en-US","@id":"https:\/\/kuesten-jungle.de\/#\/schema\/logo\/image\/","url":"https:\/\/kuesten-jungle.de\/wp-content\/uploads\/2022\/01\/weiss-pngss-1.png","contentUrl":"https:\/\/kuesten-jungle.de\/wp-content\/uploads\/2022\/01\/weiss-pngss-1.png","width":1014,"height":1347,"caption":"K\u00fcsten Jungle"},"image":{"@id":"https:\/\/kuesten-jungle.de\/#\/schema\/logo\/image\/"}}]}},"_links":{"self":[{"href":"https:\/\/kuesten-jungle.de\/en\/wp-json\/wp\/v2\/product\/11060","targetHints":{"allow":["GET"]}}],"collection":[{"href":"https:\/\/kuesten-jungle.de\/en\/wp-json\/wp\/v2\/product"}],"about":[{"href":"https:\/\/kuesten-jungle.de\/en\/wp-json\/wp\/v2\/types\/product"}],"replies":[{"embeddable":true,"href":"https:\/\/kuesten-jungle.de\/en\/wp-json\/wp\/v2\/comments?post=11060"}],"wp:featuredmedia":[{"embeddable":true,"href":"https:\/\/kuesten-jungle.de\/en\/wp-json\/wp\/v2\/media\/11061"}],"wp:attachment":[{"href":"https:\/\/kuesten-jungle.de\/en\/wp-json\/wp\/v2\/media?parent=11060"}],"wp:term":[{"taxonomy":"product_brand","embeddable":true,"href":"https:\/\/kuesten-jungle.de\/en\/wp-json\/wp\/v2\/product_brand?post=11060"},{"taxonomy":"product_cat","embeddable":true,"href":"https:\/\/kuesten-jungle.de\/en\/wp-json\/wp\/v2\/product_cat?post=11060"},{"taxonomy":"product_tag","embeddable":true,"href":"https:\/\/kuesten-jungle.de\/en\/wp-json\/wp\/v2\/product_tag?post=11060"}],"curies":[{"name":"wp","href":"https:\/\/api.w.org\/{rel}","templated":true}]}}