{"id":11531,"date":"2024-09-22T22:33:25","date_gmt":"2024-09-22T20:33:25","guid":{"rendered":"https:\/\/kuesten-jungle.de\/?post_type=product&#038;p=11531"},"modified":"2026-04-08T09:39:22","modified_gmt":"2026-04-08T07:39:22","slug":"ikea-milsbo-tuergriff-frydek","status":"publish","type":"product","link":"https:\/\/kuesten-jungle.de\/en\/product\/ikea-milsbo-tuergriff-frydek\/","title":{"rendered":"Ikea Milsbo door handle Frydek"},"content":{"rendered":"","protected":false},"excerpt":{"rendered":"<p>You will receive a door handle set for the Ikea Milsbo.<\/p>\n<p>The set consists of 2 handles, 4 matching screws and 4 washers (the \"old\" screws no longer fit in the new handles)<\/p>\n<p>The handles are printed from PLA, which is obtained from renewable plant resources.<\/p>\n<p>&nbsp;<\/p>","protected":false},"featured_media":11532,"comment_status":"open","ping_status":"closed","template":"","meta":[],"product_brand":[],"product_cat":[206],"product_tag":[604,605,606,607,608,609,610,611],"class_list":{"0":"post-11531","1":"product","2":"type-product","3":"status-publish","4":"has-post-thumbnail","6":"product_cat-zubehoer","7":"product_tag-tuergriff","8":"product_tag-vitrine","9":"product_tag-ikea","10":"product_tag-ikea-milsbo","11":"product_tag-tuergriff-milsbo","12":"product_tag-griff-mislbo","13":"product_tag-milsbo","14":"product_tag-tuergriff-vitrine","16":"first","17":"instock","18":"taxable","19":"shipping-taxable","20":"purchasable","21":"product-type-variable"},"acf":[],"yoast_head":"<!-- This site is optimized with the Yoast SEO plugin v27.3 - https:\/\/yoast.com\/product\/yoast-seo-wordpress\/ -->\n<title>Ikea Milsbo T\u00fcrgriff Frydek - K\u00fcsten Jungle<\/title>\n<meta name=\"robots\" content=\"index, follow, max-snippet:-1, max-image-preview:large, max-video-preview:-1\" \/>\n<link rel=\"canonical\" href=\"https:\/\/kuesten-jungle.de\/en\/product\/ikea-milsbo-tuergriff-frydek\/\" \/>\n<meta property=\"og:locale\" content=\"en_US\" \/>\n<meta property=\"og:type\" content=\"article\" \/>\n<meta property=\"og:title\" content=\"Ikea Milsbo T\u00fcrgriff Frydek - K\u00fcsten Jungle\" \/>\n<meta property=\"og:description\" content=\"Du erh\u00e4ltst ein T\u00fcrgriff Set f\u00fcr die Ikea Milsbo.  Das Set besteht auf 2 Griffen, 4 passende Schrauben und 4 Unterlegscheiben (Die &quot;alten&quot; Schrauben passen nicht mehr in die neuen Griffe)  Die Griffe werden aus PLA gedruckt dieses wird aus nachwachsenden Pflanzenressourcen gewonnen.  &nbsp;\" \/>\n<meta property=\"og:url\" content=\"https:\/\/kuesten-jungle.de\/en\/product\/ikea-milsbo-tuergriff-frydek\/\" \/>\n<meta property=\"og:site_name\" content=\"K\u00fcsten Jungle\" \/>\n<meta property=\"article:modified_time\" content=\"2026-04-08T07:39:22+00:00\" \/>\n<meta property=\"og:image\" content=\"https:\/\/kuesten-jungle.de\/wp-content\/uploads\/2024\/09\/IMG_1767.jpg\" \/>\n\t<meta property=\"og:image:width\" content=\"1920\" \/>\n\t<meta property=\"og:image:height\" content=\"1384\" \/>\n\t<meta property=\"og:image:type\" content=\"image\/jpeg\" \/>\n<meta name=\"twitter:card\" content=\"summary_large_image\" \/>\n<meta name=\"twitter:label1\" content=\"Est. reading time\" \/>\n\t<meta name=\"twitter:data1\" content=\"1 minute\" \/>\n<script type=\"application\/ld+json\" class=\"yoast-schema-graph\">{\"@context\":\"https:\\\/\\\/schema.org\",\"@graph\":[{\"@type\":\"WebPage\",\"@id\":\"https:\\\/\\\/kuesten-jungle.de\\\/product\\\/ikea-milsbo-tuergriff-frydek\\\/\",\"url\":\"https:\\\/\\\/kuesten-jungle.de\\\/product\\\/ikea-milsbo-tuergriff-frydek\\\/\",\"name\":\"Ikea Milsbo T\u00fcrgriff Frydek - K\u00fcsten Jungle\",\"isPartOf\":{\"@id\":\"https:\\\/\\\/kuesten-jungle.de\\\/#website\"},\"primaryImageOfPage\":{\"@id\":\"https:\\\/\\\/kuesten-jungle.de\\\/product\\\/ikea-milsbo-tuergriff-frydek\\\/#primaryimage\"},\"image\":{\"@id\":\"https:\\\/\\\/kuesten-jungle.de\\\/product\\\/ikea-milsbo-tuergriff-frydek\\\/#primaryimage\"},\"thumbnailUrl\":\"https:\\\/\\\/kuesten-jungle.de\\\/wp-content\\\/uploads\\\/2024\\\/09\\\/IMG_1767.jpg\",\"datePublished\":\"2024-09-22T20:33:25+00:00\",\"dateModified\":\"2026-04-08T07:39:22+00:00\",\"breadcrumb\":{\"@id\":\"https:\\\/\\\/kuesten-jungle.de\\\/product\\\/ikea-milsbo-tuergriff-frydek\\\/#breadcrumb\"},\"inLanguage\":\"en-US\",\"potentialAction\":[{\"@type\":\"ReadAction\",\"target\":[\"https:\\\/\\\/kuesten-jungle.de\\\/product\\\/ikea-milsbo-tuergriff-frydek\\\/\"]}]},{\"@type\":\"ImageObject\",\"inLanguage\":\"en-US\",\"@id\":\"https:\\\/\\\/kuesten-jungle.de\\\/product\\\/ikea-milsbo-tuergriff-frydek\\\/#primaryimage\",\"url\":\"https:\\\/\\\/kuesten-jungle.de\\\/wp-content\\\/uploads\\\/2024\\\/09\\\/IMG_1767.jpg\",\"contentUrl\":\"https:\\\/\\\/kuesten-jungle.de\\\/wp-content\\\/uploads\\\/2024\\\/09\\\/IMG_1767.jpg\",\"width\":1920,\"height\":1384},{\"@type\":\"BreadcrumbList\",\"@id\":\"https:\\\/\\\/kuesten-jungle.de\\\/product\\\/ikea-milsbo-tuergriff-frydek\\\/#breadcrumb\",\"itemListElement\":[{\"@type\":\"ListItem\",\"position\":1,\"name\":\"Startseite\",\"item\":\"https:\\\/\\\/kuesten-jungle.de\\\/\"},{\"@type\":\"ListItem\",\"position\":2,\"name\":\"Shop\",\"item\":\"https:\\\/\\\/kuesten-jungle.de\\\/shop\\\/\"},{\"@type\":\"ListItem\",\"position\":3,\"name\":\"Ikea Milsbo T\u00fcrgriff Frydek\"}]},{\"@type\":\"WebSite\",\"@id\":\"https:\\\/\\\/kuesten-jungle.de\\\/#website\",\"url\":\"https:\\\/\\\/kuesten-jungle.de\\\/\",\"name\":\"K\u00fcsten Jungle\",\"description\":\"Dein Shop f\u00fcr deinen Jungle\",\"publisher\":{\"@id\":\"https:\\\/\\\/kuesten-jungle.de\\\/#organization\"},\"potentialAction\":[{\"@type\":\"SearchAction\",\"target\":{\"@type\":\"EntryPoint\",\"urlTemplate\":\"https:\\\/\\\/kuesten-jungle.de\\\/?s={search_term_string}\"},\"query-input\":{\"@type\":\"PropertyValueSpecification\",\"valueRequired\":true,\"valueName\":\"search_term_string\"}}],\"inLanguage\":\"en-US\"},{\"@type\":\"Organization\",\"@id\":\"https:\\\/\\\/kuesten-jungle.de\\\/#organization\",\"name\":\"K\u00fcsten Jungle\",\"url\":\"https:\\\/\\\/kuesten-jungle.de\\\/\",\"logo\":{\"@type\":\"ImageObject\",\"inLanguage\":\"en-US\",\"@id\":\"https:\\\/\\\/kuesten-jungle.de\\\/#\\\/schema\\\/logo\\\/image\\\/\",\"url\":\"https:\\\/\\\/kuesten-jungle.de\\\/wp-content\\\/uploads\\\/2022\\\/01\\\/weiss-pngss-1.png\",\"contentUrl\":\"https:\\\/\\\/kuesten-jungle.de\\\/wp-content\\\/uploads\\\/2022\\\/01\\\/weiss-pngss-1.png\",\"width\":1014,\"height\":1347,\"caption\":\"K\u00fcsten Jungle\"},\"image\":{\"@id\":\"https:\\\/\\\/kuesten-jungle.de\\\/#\\\/schema\\\/logo\\\/image\\\/\"}}]}<\/script>\n<!-- \/ Yoast SEO plugin. -->","yoast_head_json":{"title":"Ikea Milsbo T\u00fcrgriff Frydek - K\u00fcsten Jungle","robots":{"index":"index","follow":"follow","max-snippet":"max-snippet:-1","max-image-preview":"max-image-preview:large","max-video-preview":"max-video-preview:-1"},"canonical":"https:\/\/kuesten-jungle.de\/en\/product\/ikea-milsbo-tuergriff-frydek\/","og_locale":"en_US","og_type":"article","og_title":"Ikea Milsbo T\u00fcrgriff Frydek - K\u00fcsten Jungle","og_description":"Du erh\u00e4ltst ein T\u00fcrgriff Set f\u00fcr die Ikea Milsbo.  Das Set besteht auf 2 Griffen, 4 passende Schrauben und 4 Unterlegscheiben (Die \"alten\" Schrauben passen nicht mehr in die neuen Griffe)  Die Griffe werden aus PLA gedruckt dieses wird aus nachwachsenden Pflanzenressourcen gewonnen.  &nbsp;","og_url":"https:\/\/kuesten-jungle.de\/en\/product\/ikea-milsbo-tuergriff-frydek\/","og_site_name":"K\u00fcsten Jungle","article_modified_time":"2026-04-08T07:39:22+00:00","og_image":[{"width":1920,"height":1384,"url":"https:\/\/kuesten-jungle.de\/wp-content\/uploads\/2024\/09\/IMG_1767.jpg","type":"image\/jpeg"}],"twitter_card":"summary_large_image","twitter_misc":{"Est. reading time":"1 minute"},"schema":{"@context":"https:\/\/schema.org","@graph":[{"@type":"WebPage","@id":"https:\/\/kuesten-jungle.de\/product\/ikea-milsbo-tuergriff-frydek\/","url":"https:\/\/kuesten-jungle.de\/product\/ikea-milsbo-tuergriff-frydek\/","name":"Ikea Milsbo T\u00fcrgriff Frydek - K\u00fcsten Jungle","isPartOf":{"@id":"https:\/\/kuesten-jungle.de\/#website"},"primaryImageOfPage":{"@id":"https:\/\/kuesten-jungle.de\/product\/ikea-milsbo-tuergriff-frydek\/#primaryimage"},"image":{"@id":"https:\/\/kuesten-jungle.de\/product\/ikea-milsbo-tuergriff-frydek\/#primaryimage"},"thumbnailUrl":"https:\/\/kuesten-jungle.de\/wp-content\/uploads\/2024\/09\/IMG_1767.jpg","datePublished":"2024-09-22T20:33:25+00:00","dateModified":"2026-04-08T07:39:22+00:00","breadcrumb":{"@id":"https:\/\/kuesten-jungle.de\/product\/ikea-milsbo-tuergriff-frydek\/#breadcrumb"},"inLanguage":"en-US","potentialAction":[{"@type":"ReadAction","target":["https:\/\/kuesten-jungle.de\/product\/ikea-milsbo-tuergriff-frydek\/"]}]},{"@type":"ImageObject","inLanguage":"en-US","@id":"https:\/\/kuesten-jungle.de\/product\/ikea-milsbo-tuergriff-frydek\/#primaryimage","url":"https:\/\/kuesten-jungle.de\/wp-content\/uploads\/2024\/09\/IMG_1767.jpg","contentUrl":"https:\/\/kuesten-jungle.de\/wp-content\/uploads\/2024\/09\/IMG_1767.jpg","width":1920,"height":1384},{"@type":"BreadcrumbList","@id":"https:\/\/kuesten-jungle.de\/product\/ikea-milsbo-tuergriff-frydek\/#breadcrumb","itemListElement":[{"@type":"ListItem","position":1,"name":"Startseite","item":"https:\/\/kuesten-jungle.de\/"},{"@type":"ListItem","position":2,"name":"Shop","item":"https:\/\/kuesten-jungle.de\/shop\/"},{"@type":"ListItem","position":3,"name":"Ikea Milsbo T\u00fcrgriff Frydek"}]},{"@type":"WebSite","@id":"https:\/\/kuesten-jungle.de\/#website","url":"https:\/\/kuesten-jungle.de\/","name":"K\u00fcsten Jungle","description":"Your store for your jungle","publisher":{"@id":"https:\/\/kuesten-jungle.de\/#organization"},"potentialAction":[{"@type":"SearchAction","target":{"@type":"EntryPoint","urlTemplate":"https:\/\/kuesten-jungle.de\/?s={search_term_string}"},"query-input":{"@type":"PropertyValueSpecification","valueRequired":true,"valueName":"search_term_string"}}],"inLanguage":"en-US"},{"@type":"Organization","@id":"https:\/\/kuesten-jungle.de\/#organization","name":"K\u00fcsten Jungle","url":"https:\/\/kuesten-jungle.de\/","logo":{"@type":"ImageObject","inLanguage":"en-US","@id":"https:\/\/kuesten-jungle.de\/#\/schema\/logo\/image\/","url":"https:\/\/kuesten-jungle.de\/wp-content\/uploads\/2022\/01\/weiss-pngss-1.png","contentUrl":"https:\/\/kuesten-jungle.de\/wp-content\/uploads\/2022\/01\/weiss-pngss-1.png","width":1014,"height":1347,"caption":"K\u00fcsten Jungle"},"image":{"@id":"https:\/\/kuesten-jungle.de\/#\/schema\/logo\/image\/"}}]}},"_links":{"self":[{"href":"https:\/\/kuesten-jungle.de\/en\/wp-json\/wp\/v2\/product\/11531","targetHints":{"allow":["GET"]}}],"collection":[{"href":"https:\/\/kuesten-jungle.de\/en\/wp-json\/wp\/v2\/product"}],"about":[{"href":"https:\/\/kuesten-jungle.de\/en\/wp-json\/wp\/v2\/types\/product"}],"replies":[{"embeddable":true,"href":"https:\/\/kuesten-jungle.de\/en\/wp-json\/wp\/v2\/comments?post=11531"}],"wp:featuredmedia":[{"embeddable":true,"href":"https:\/\/kuesten-jungle.de\/en\/wp-json\/wp\/v2\/media\/11532"}],"wp:attachment":[{"href":"https:\/\/kuesten-jungle.de\/en\/wp-json\/wp\/v2\/media?parent=11531"}],"wp:term":[{"taxonomy":"product_brand","embeddable":true,"href":"https:\/\/kuesten-jungle.de\/en\/wp-json\/wp\/v2\/product_brand?post=11531"},{"taxonomy":"product_cat","embeddable":true,"href":"https:\/\/kuesten-jungle.de\/en\/wp-json\/wp\/v2\/product_cat?post=11531"},{"taxonomy":"product_tag","embeddable":true,"href":"https:\/\/kuesten-jungle.de\/en\/wp-json\/wp\/v2\/product_tag?post=11531"}],"curies":[{"name":"wp","href":"https:\/\/api.w.org\/{rel}","templated":true}]}}