{"id":22385,"date":"2026-05-02T21:13:42","date_gmt":"2026-05-02T19:13:42","guid":{"rendered":"https:\/\/kuesten-jungle.de\/?post_type=product&#038;p=22385"},"modified":"2026-05-02T21:13:43","modified_gmt":"2026-05-02T19:13:43","slug":"anthurium-noid-anthurium-ace-of-spades-x-crystallinum-001a","status":"publish","type":"product","link":"https:\/\/kuesten-jungle.de\/en\/product\/anthurium-noid-anthurium-ace-of-spades-x-crystallinum-001a\/","title":{"rendered":"Anthurium NOID (Anthurium Ace of Spades x Crystallinum) 001A"},"content":{"rendered":"","protected":false},"excerpt":{"rendered":"<p style=\"box-sizing: border-box; margin-bottom: 1.3em; margin-top: 0px; color: #777777; font-family: Lato, sans-serif; font-size: 16px;\">Du bekommst genau die Pflanze, die du auf den Fotos siehst.<\/p>\n<p>Es ist eine NOID da wir uns bei dem Hybrid nicht sicher sind ob die Angabe so stimmt, daher die NOID in Klammern steht unsere Vermutung.<\/p>\n<p style=\"box-sizing: border-box; margin-bottom: 1.3em; margin-top: 0px; color: #777777; font-family: Lato, sans-serif; font-size: 16px;\">We regularly use predatory mites such as A. californicus, H. miles, lacewing larvae &amp; neem oil to prevent various pests. It is therefore possible that you will discover these beneficial insects on your plants, but they are not pests.<\/p>\n<p style=\"box-sizing: border-box; margin-bottom: 1.3em; margin-top: 0px; color: #777777; font-family: Lato, sans-serif; font-size: 16px;\">Die Fotos wurden bei 5000 Kelvin gemacht<\/p>\n<p style=\"box-sizing: border-box; margin-bottom: 1.3em; margin-top: 0px; color: #777777; font-family: Lato, sans-serif; font-size: 16px;\">Please note that due to the age of the photos, the plant may look different when you receive it as it is constantly growing. However, we make every effort to keep the photos as up-to-date as possible.<\/p>\n<p style=\"box-sizing: border-box; margin-bottom: 1.3em; margin-top: 0px; color: #777777; font-family: Lato, sans-serif; font-size: 16px;\">A 72-hour heat pack is of course included for shipping in cold temperatures.<\/p>","protected":false},"featured_media":22386,"comment_status":"open","ping_status":"closed","template":"","meta":[],"product_brand":[],"product_cat":[553],"product_tag":[911],"class_list":{"0":"post-22385","1":"product","2":"type-product","3":"status-publish","4":"has-post-thumbnail","6":"product_cat-anthurien","7":"product_tag-anthurium-ace-of-spades-x-crystallinum","8":"product_shipping_class-pflanzen","10":"first","11":"instock","12":"taxable","13":"shipping-taxable","14":"purchasable","15":"product-type-simple"},"acf":[],"yoast_head":"<!-- This site is optimized with the Yoast SEO plugin v27.5 - https:\/\/yoast.com\/product\/yoast-seo-wordpress\/ -->\n<title>Anthurium NOID (Anthurium Ace of Spades x Crystallinum) 001A - K\u00fcsten Jungle<\/title>\n<meta name=\"robots\" content=\"index, follow, max-snippet:-1, max-image-preview:large, max-video-preview:-1\" \/>\n<link rel=\"canonical\" href=\"https:\/\/kuesten-jungle.de\/en\/product\/anthurium-noid-anthurium-ace-of-spades-x-crystallinum-001a\/\" \/>\n<meta property=\"og:locale\" content=\"en_US\" \/>\n<meta property=\"og:type\" content=\"article\" \/>\n<meta property=\"og:title\" content=\"Anthurium NOID (Anthurium Ace of Spades x Crystallinum) 001A - K\u00fcsten Jungle\" \/>\n<meta property=\"og:description\" content=\"Du bekommst genau die Pflanze, die du auf den Fotos siehst. Es ist eine NOID da wir uns bei dem Hybrid nicht sicher sind ob die Angabe so stimmt, daher die NOID in Klammern steht unsere Vermutung. Zur Vorsorge gegen verschiedene Sch\u00e4dlinge setzen wir regelm\u00e4\u00dfig Raubmilben wie A. californicus, H. miles, Florfliegenlarven &amp; Neem\u00f6l ein. Es ist daher m\u00f6glich, dass du diese N\u00fctzlinge auf deinen Pflanzen entdeckst, die jedoch keine Sch\u00e4dlinge sind. Die Fotos wurden bei 5000 Kelvin gemacht Bitte beachte, dass aufgrund des Alters der Fotos die Pflanze bei Erhalt m\u00f6glicherweise anders aussehen kann, da sie kontinuierlich w\u00e4chst. Wir bem\u00fchen uns jedoch, die Fotos so aktuell wie m\u00f6glich zu halten. F\u00fcr den Versand bei kalten Temperaturen ist selbstverst\u00e4ndlich ein 72-Stunden-Heatpack inklusive.\" \/>\n<meta property=\"og:url\" content=\"https:\/\/kuesten-jungle.de\/en\/product\/anthurium-noid-anthurium-ace-of-spades-x-crystallinum-001a\/\" \/>\n<meta property=\"og:site_name\" content=\"K\u00fcsten Jungle\" \/>\n<meta property=\"article:modified_time\" content=\"2026-05-02T19:13:43+00:00\" \/>\n<meta property=\"og:image\" content=\"https:\/\/kuesten-jungle.de\/wp-content\/uploads\/2026\/05\/IMG_8446-scaled.jpg\" \/>\n\t<meta property=\"og:image:width\" content=\"1365\" \/>\n\t<meta property=\"og:image:height\" content=\"2048\" \/>\n\t<meta property=\"og:image:type\" content=\"image\/jpeg\" \/>\n<meta name=\"twitter:card\" content=\"summary_large_image\" \/>\n<meta name=\"twitter:label1\" content=\"Est. reading time\" \/>\n\t<meta name=\"twitter:data1\" content=\"1 minute\" \/>\n<script type=\"application\/ld+json\" class=\"yoast-schema-graph\">{\"@context\":\"https:\\\/\\\/schema.org\",\"@graph\":[{\"@type\":\"WebPage\",\"@id\":\"https:\\\/\\\/kuesten-jungle.de\\\/product\\\/anthurium-noid-anthurium-ace-of-spades-x-crystallinum-001a\\\/\",\"url\":\"https:\\\/\\\/kuesten-jungle.de\\\/product\\\/anthurium-noid-anthurium-ace-of-spades-x-crystallinum-001a\\\/\",\"name\":\"Anthurium NOID (Anthurium Ace of Spades x Crystallinum) 001A - K\u00fcsten Jungle\",\"isPartOf\":{\"@id\":\"https:\\\/\\\/kuesten-jungle.de\\\/#website\"},\"primaryImageOfPage\":{\"@id\":\"https:\\\/\\\/kuesten-jungle.de\\\/product\\\/anthurium-noid-anthurium-ace-of-spades-x-crystallinum-001a\\\/#primaryimage\"},\"image\":{\"@id\":\"https:\\\/\\\/kuesten-jungle.de\\\/product\\\/anthurium-noid-anthurium-ace-of-spades-x-crystallinum-001a\\\/#primaryimage\"},\"thumbnailUrl\":\"https:\\\/\\\/kuesten-jungle.de\\\/wp-content\\\/uploads\\\/2026\\\/05\\\/IMG_8446-scaled.jpg\",\"datePublished\":\"2026-05-02T19:13:42+00:00\",\"dateModified\":\"2026-05-02T19:13:43+00:00\",\"breadcrumb\":{\"@id\":\"https:\\\/\\\/kuesten-jungle.de\\\/product\\\/anthurium-noid-anthurium-ace-of-spades-x-crystallinum-001a\\\/#breadcrumb\"},\"inLanguage\":\"en-US\",\"potentialAction\":[{\"@type\":\"ReadAction\",\"target\":[\"https:\\\/\\\/kuesten-jungle.de\\\/product\\\/anthurium-noid-anthurium-ace-of-spades-x-crystallinum-001a\\\/\"]}]},{\"@type\":\"ImageObject\",\"inLanguage\":\"en-US\",\"@id\":\"https:\\\/\\\/kuesten-jungle.de\\\/product\\\/anthurium-noid-anthurium-ace-of-spades-x-crystallinum-001a\\\/#primaryimage\",\"url\":\"https:\\\/\\\/kuesten-jungle.de\\\/wp-content\\\/uploads\\\/2026\\\/05\\\/IMG_8446-scaled.jpg\",\"contentUrl\":\"https:\\\/\\\/kuesten-jungle.de\\\/wp-content\\\/uploads\\\/2026\\\/05\\\/IMG_8446-scaled.jpg\",\"width\":1365,\"height\":2048},{\"@type\":\"BreadcrumbList\",\"@id\":\"https:\\\/\\\/kuesten-jungle.de\\\/product\\\/anthurium-noid-anthurium-ace-of-spades-x-crystallinum-001a\\\/#breadcrumb\",\"itemListElement\":[{\"@type\":\"ListItem\",\"position\":1,\"name\":\"Startseite\",\"item\":\"https:\\\/\\\/kuesten-jungle.de\\\/\"},{\"@type\":\"ListItem\",\"position\":2,\"name\":\"Shop\",\"item\":\"https:\\\/\\\/kuesten-jungle.de\\\/shop\\\/\"},{\"@type\":\"ListItem\",\"position\":3,\"name\":\"Anthurium NOID (Anthurium Ace of Spades x Crystallinum) 001A\"}]},{\"@type\":\"WebSite\",\"@id\":\"https:\\\/\\\/kuesten-jungle.de\\\/#website\",\"url\":\"https:\\\/\\\/kuesten-jungle.de\\\/\",\"name\":\"K\u00fcsten Jungle\",\"description\":\"Dein Shop f\u00fcr deinen Jungle\",\"publisher\":{\"@id\":\"https:\\\/\\\/kuesten-jungle.de\\\/#organization\"},\"potentialAction\":[{\"@type\":\"SearchAction\",\"target\":{\"@type\":\"EntryPoint\",\"urlTemplate\":\"https:\\\/\\\/kuesten-jungle.de\\\/?s={search_term_string}\"},\"query-input\":{\"@type\":\"PropertyValueSpecification\",\"valueRequired\":true,\"valueName\":\"search_term_string\"}}],\"inLanguage\":\"en-US\"},{\"@type\":\"Organization\",\"@id\":\"https:\\\/\\\/kuesten-jungle.de\\\/#organization\",\"name\":\"K\u00fcsten Jungle\",\"url\":\"https:\\\/\\\/kuesten-jungle.de\\\/\",\"logo\":{\"@type\":\"ImageObject\",\"inLanguage\":\"en-US\",\"@id\":\"https:\\\/\\\/kuesten-jungle.de\\\/#\\\/schema\\\/logo\\\/image\\\/\",\"url\":\"https:\\\/\\\/kuesten-jungle.de\\\/wp-content\\\/uploads\\\/2022\\\/01\\\/weiss-pngss-1.png\",\"contentUrl\":\"https:\\\/\\\/kuesten-jungle.de\\\/wp-content\\\/uploads\\\/2022\\\/01\\\/weiss-pngss-1.png\",\"width\":1014,\"height\":1347,\"caption\":\"K\u00fcsten Jungle\"},\"image\":{\"@id\":\"https:\\\/\\\/kuesten-jungle.de\\\/#\\\/schema\\\/logo\\\/image\\\/\"}}]}<\/script>\n<!-- \/ Yoast SEO plugin. -->","yoast_head_json":{"title":"Anthurium NOID (Anthurium Ace of Spades x Crystallinum) 001A - K\u00fcsten Jungle","robots":{"index":"index","follow":"follow","max-snippet":"max-snippet:-1","max-image-preview":"max-image-preview:large","max-video-preview":"max-video-preview:-1"},"canonical":"https:\/\/kuesten-jungle.de\/en\/product\/anthurium-noid-anthurium-ace-of-spades-x-crystallinum-001a\/","og_locale":"en_US","og_type":"article","og_title":"Anthurium NOID (Anthurium Ace of Spades x Crystallinum) 001A - K\u00fcsten Jungle","og_description":"Du bekommst genau die Pflanze, die du auf den Fotos siehst. Es ist eine NOID da wir uns bei dem Hybrid nicht sicher sind ob die Angabe so stimmt, daher die NOID in Klammern steht unsere Vermutung. Zur Vorsorge gegen verschiedene Sch\u00e4dlinge setzen wir regelm\u00e4\u00dfig Raubmilben wie A. californicus, H. miles, Florfliegenlarven &amp; Neem\u00f6l ein. Es ist daher m\u00f6glich, dass du diese N\u00fctzlinge auf deinen Pflanzen entdeckst, die jedoch keine Sch\u00e4dlinge sind. Die Fotos wurden bei 5000 Kelvin gemacht Bitte beachte, dass aufgrund des Alters der Fotos die Pflanze bei Erhalt m\u00f6glicherweise anders aussehen kann, da sie kontinuierlich w\u00e4chst. Wir bem\u00fchen uns jedoch, die Fotos so aktuell wie m\u00f6glich zu halten. F\u00fcr den Versand bei kalten Temperaturen ist selbstverst\u00e4ndlich ein 72-Stunden-Heatpack inklusive.","og_url":"https:\/\/kuesten-jungle.de\/en\/product\/anthurium-noid-anthurium-ace-of-spades-x-crystallinum-001a\/","og_site_name":"K\u00fcsten Jungle","article_modified_time":"2026-05-02T19:13:43+00:00","og_image":[{"width":1365,"height":2048,"url":"https:\/\/kuesten-jungle.de\/wp-content\/uploads\/2026\/05\/IMG_8446-scaled.jpg","type":"image\/jpeg"}],"twitter_card":"summary_large_image","twitter_misc":{"Est. reading time":"1 minute"},"schema":{"@context":"https:\/\/schema.org","@graph":[{"@type":"WebPage","@id":"https:\/\/kuesten-jungle.de\/product\/anthurium-noid-anthurium-ace-of-spades-x-crystallinum-001a\/","url":"https:\/\/kuesten-jungle.de\/product\/anthurium-noid-anthurium-ace-of-spades-x-crystallinum-001a\/","name":"Anthurium NOID (Anthurium Ace of Spades x Crystallinum) 001A - K\u00fcsten Jungle","isPartOf":{"@id":"https:\/\/kuesten-jungle.de\/#website"},"primaryImageOfPage":{"@id":"https:\/\/kuesten-jungle.de\/product\/anthurium-noid-anthurium-ace-of-spades-x-crystallinum-001a\/#primaryimage"},"image":{"@id":"https:\/\/kuesten-jungle.de\/product\/anthurium-noid-anthurium-ace-of-spades-x-crystallinum-001a\/#primaryimage"},"thumbnailUrl":"https:\/\/kuesten-jungle.de\/wp-content\/uploads\/2026\/05\/IMG_8446-scaled.jpg","datePublished":"2026-05-02T19:13:42+00:00","dateModified":"2026-05-02T19:13:43+00:00","breadcrumb":{"@id":"https:\/\/kuesten-jungle.de\/product\/anthurium-noid-anthurium-ace-of-spades-x-crystallinum-001a\/#breadcrumb"},"inLanguage":"en-US","potentialAction":[{"@type":"ReadAction","target":["https:\/\/kuesten-jungle.de\/product\/anthurium-noid-anthurium-ace-of-spades-x-crystallinum-001a\/"]}]},{"@type":"ImageObject","inLanguage":"en-US","@id":"https:\/\/kuesten-jungle.de\/product\/anthurium-noid-anthurium-ace-of-spades-x-crystallinum-001a\/#primaryimage","url":"https:\/\/kuesten-jungle.de\/wp-content\/uploads\/2026\/05\/IMG_8446-scaled.jpg","contentUrl":"https:\/\/kuesten-jungle.de\/wp-content\/uploads\/2026\/05\/IMG_8446-scaled.jpg","width":1365,"height":2048},{"@type":"BreadcrumbList","@id":"https:\/\/kuesten-jungle.de\/product\/anthurium-noid-anthurium-ace-of-spades-x-crystallinum-001a\/#breadcrumb","itemListElement":[{"@type":"ListItem","position":1,"name":"Startseite","item":"https:\/\/kuesten-jungle.de\/"},{"@type":"ListItem","position":2,"name":"Shop","item":"https:\/\/kuesten-jungle.de\/shop\/"},{"@type":"ListItem","position":3,"name":"Anthurium NOID (Anthurium Ace of Spades x Crystallinum) 001A"}]},{"@type":"WebSite","@id":"https:\/\/kuesten-jungle.de\/#website","url":"https:\/\/kuesten-jungle.de\/","name":"K\u00fcsten Jungle","description":"Your store for your jungle","publisher":{"@id":"https:\/\/kuesten-jungle.de\/#organization"},"potentialAction":[{"@type":"SearchAction","target":{"@type":"EntryPoint","urlTemplate":"https:\/\/kuesten-jungle.de\/?s={search_term_string}"},"query-input":{"@type":"PropertyValueSpecification","valueRequired":true,"valueName":"search_term_string"}}],"inLanguage":"en-US"},{"@type":"Organization","@id":"https:\/\/kuesten-jungle.de\/#organization","name":"K\u00fcsten Jungle","url":"https:\/\/kuesten-jungle.de\/","logo":{"@type":"ImageObject","inLanguage":"en-US","@id":"https:\/\/kuesten-jungle.de\/#\/schema\/logo\/image\/","url":"https:\/\/kuesten-jungle.de\/wp-content\/uploads\/2022\/01\/weiss-pngss-1.png","contentUrl":"https:\/\/kuesten-jungle.de\/wp-content\/uploads\/2022\/01\/weiss-pngss-1.png","width":1014,"height":1347,"caption":"K\u00fcsten Jungle"},"image":{"@id":"https:\/\/kuesten-jungle.de\/#\/schema\/logo\/image\/"}}]}},"_links":{"self":[{"href":"https:\/\/kuesten-jungle.de\/en\/wp-json\/wp\/v2\/product\/22385","targetHints":{"allow":["GET"]}}],"collection":[{"href":"https:\/\/kuesten-jungle.de\/en\/wp-json\/wp\/v2\/product"}],"about":[{"href":"https:\/\/kuesten-jungle.de\/en\/wp-json\/wp\/v2\/types\/product"}],"replies":[{"embeddable":true,"href":"https:\/\/kuesten-jungle.de\/en\/wp-json\/wp\/v2\/comments?post=22385"}],"wp:featuredmedia":[{"embeddable":true,"href":"https:\/\/kuesten-jungle.de\/en\/wp-json\/wp\/v2\/media\/22386"}],"wp:attachment":[{"href":"https:\/\/kuesten-jungle.de\/en\/wp-json\/wp\/v2\/media?parent=22385"}],"wp:term":[{"taxonomy":"product_brand","embeddable":true,"href":"https:\/\/kuesten-jungle.de\/en\/wp-json\/wp\/v2\/product_brand?post=22385"},{"taxonomy":"product_cat","embeddable":true,"href":"https:\/\/kuesten-jungle.de\/en\/wp-json\/wp\/v2\/product_cat?post=22385"},{"taxonomy":"product_tag","embeddable":true,"href":"https:\/\/kuesten-jungle.de\/en\/wp-json\/wp\/v2\/product_tag?post=22385"}],"curies":[{"name":"wp","href":"https:\/\/api.w.org\/{rel}","templated":true}]}}