{"id":3688,"date":"2023-01-24T22:19:34","date_gmt":"2023-01-24T21:19:34","guid":{"rendered":"https:\/\/kuesten-jungle.de\/?post_type=product&#038;p=3688"},"modified":"2026-04-08T09:38:24","modified_gmt":"2026-04-08T07:38:24","slug":"1-zusaetzliches-72h-heatpack-xl-fuer-den-versand","status":"publish","type":"product","link":"https:\/\/kuesten-jungle.de\/en\/product\/1-zusaetzliches-72h-heatpack-xl-fuer-den-versand\/","title":{"rendered":"1 additional 72h HeatPack XL for shipping"},"content":{"rendered":"","protected":false},"excerpt":{"rendered":"<p><span style=\"font-size: 140%; color: #993300;\"><strong>We always include 1 72h heat pack in the shipping price!<\/strong><\/span><\/p>\n<p>But if you want to be on the safe side, a second 72h <span class=\"hiddenSpellError\">Heatpack<\/span> in your package, you can simply select it here<\/p>\n<p>This means, for example, that you pack this <span class=\"hiddenSpellError\">Heatpack<\/span> here in your shopping cart and buy it, then you will have 2 72h <span class=\"hiddenSpellError\">Heatpacks<\/span><\/p>","protected":false},"featured_media":3689,"comment_status":"open","ping_status":"closed","template":"","meta":[],"product_brand":[],"product_cat":[206],"product_tag":[311,312],"class_list":{"0":"post-3688","1":"product","2":"type-product","3":"status-publish","4":"has-post-thumbnail","6":"product_cat-zubehoer","7":"product_tag-heatpack","8":"product_tag-heatpack-75h","9":"product_shipping_class-zubehoer","11":"first","12":"instock","13":"taxable","14":"shipping-taxable","15":"purchasable","16":"product-type-simple"},"acf":[],"yoast_head":"<!-- This site is optimized with the Yoast SEO plugin v27.3 - https:\/\/yoast.com\/product\/yoast-seo-wordpress\/ -->\n<title>1 zus\u00e4tzliches 72h HeatPack XL f\u00fcr den Versand - K\u00fcsten Jungle<\/title>\n<meta name=\"robots\" content=\"index, follow, max-snippet:-1, max-image-preview:large, max-video-preview:-1\" \/>\n<link rel=\"canonical\" href=\"https:\/\/kuesten-jungle.de\/en\/product\/1-zusaetzliches-72h-heatpack-xl-fuer-den-versand\/\" \/>\n<meta property=\"og:locale\" content=\"en_US\" \/>\n<meta property=\"og:type\" content=\"article\" \/>\n<meta property=\"og:title\" content=\"1 zus\u00e4tzliches 72h HeatPack XL f\u00fcr den Versand - K\u00fcsten Jungle\" \/>\n<meta property=\"og:description\" content=\"Bei uns ist immer 1 72h Heatpack beim Versandpreis inklusive!  Wenn du aber zur Sicherheit ein zweites 72h Heatpack in deinem Paket haben m\u00f6chtest, kannst du es hiermit einfach ausw\u00e4hlen  Das hei\u00dft zum Beispiel du packst einmal dieses Heatpack hier mit in deinen Warenkorb und kaufst es, dann hast du nachher in deinem Paket 2 72h Heatpacks\" \/>\n<meta property=\"og:url\" content=\"https:\/\/kuesten-jungle.de\/en\/product\/1-zusaetzliches-72h-heatpack-xl-fuer-den-versand\/\" \/>\n<meta property=\"og:site_name\" content=\"K\u00fcsten Jungle\" \/>\n<meta property=\"article:modified_time\" content=\"2026-04-08T07:38:24+00:00\" \/>\n<meta property=\"og:image\" content=\"https:\/\/kuesten-jungle.de\/wp-content\/uploads\/2023\/01\/72h-heatpack-xl.jpg\" \/>\n\t<meta property=\"og:image:width\" content=\"1000\" \/>\n\t<meta property=\"og:image:height\" content=\"1000\" \/>\n\t<meta property=\"og:image:type\" content=\"image\/jpeg\" \/>\n<meta name=\"twitter:card\" content=\"summary_large_image\" \/>\n<meta name=\"twitter:label1\" content=\"Est. reading time\" \/>\n\t<meta name=\"twitter:data1\" content=\"1 minute\" \/>\n<script type=\"application\/ld+json\" class=\"yoast-schema-graph\">{\"@context\":\"https:\\\/\\\/schema.org\",\"@graph\":[{\"@type\":\"WebPage\",\"@id\":\"https:\\\/\\\/kuesten-jungle.de\\\/product\\\/1-zusaetzliches-72h-heatpack-xl-fuer-den-versand\\\/\",\"url\":\"https:\\\/\\\/kuesten-jungle.de\\\/product\\\/1-zusaetzliches-72h-heatpack-xl-fuer-den-versand\\\/\",\"name\":\"1 zus\u00e4tzliches 72h HeatPack XL f\u00fcr den Versand - K\u00fcsten Jungle\",\"isPartOf\":{\"@id\":\"https:\\\/\\\/kuesten-jungle.de\\\/#website\"},\"primaryImageOfPage\":{\"@id\":\"https:\\\/\\\/kuesten-jungle.de\\\/product\\\/1-zusaetzliches-72h-heatpack-xl-fuer-den-versand\\\/#primaryimage\"},\"image\":{\"@id\":\"https:\\\/\\\/kuesten-jungle.de\\\/product\\\/1-zusaetzliches-72h-heatpack-xl-fuer-den-versand\\\/#primaryimage\"},\"thumbnailUrl\":\"https:\\\/\\\/kuesten-jungle.de\\\/wp-content\\\/uploads\\\/2023\\\/01\\\/72h-heatpack-xl.jpg\",\"datePublished\":\"2023-01-24T21:19:34+00:00\",\"dateModified\":\"2026-04-08T07:38:24+00:00\",\"breadcrumb\":{\"@id\":\"https:\\\/\\\/kuesten-jungle.de\\\/product\\\/1-zusaetzliches-72h-heatpack-xl-fuer-den-versand\\\/#breadcrumb\"},\"inLanguage\":\"en-US\",\"potentialAction\":[{\"@type\":\"ReadAction\",\"target\":[\"https:\\\/\\\/kuesten-jungle.de\\\/product\\\/1-zusaetzliches-72h-heatpack-xl-fuer-den-versand\\\/\"]}]},{\"@type\":\"ImageObject\",\"inLanguage\":\"en-US\",\"@id\":\"https:\\\/\\\/kuesten-jungle.de\\\/product\\\/1-zusaetzliches-72h-heatpack-xl-fuer-den-versand\\\/#primaryimage\",\"url\":\"https:\\\/\\\/kuesten-jungle.de\\\/wp-content\\\/uploads\\\/2023\\\/01\\\/72h-heatpack-xl.jpg\",\"contentUrl\":\"https:\\\/\\\/kuesten-jungle.de\\\/wp-content\\\/uploads\\\/2023\\\/01\\\/72h-heatpack-xl.jpg\",\"width\":1000,\"height\":1000},{\"@type\":\"BreadcrumbList\",\"@id\":\"https:\\\/\\\/kuesten-jungle.de\\\/product\\\/1-zusaetzliches-72h-heatpack-xl-fuer-den-versand\\\/#breadcrumb\",\"itemListElement\":[{\"@type\":\"ListItem\",\"position\":1,\"name\":\"Startseite\",\"item\":\"https:\\\/\\\/kuesten-jungle.de\\\/\"},{\"@type\":\"ListItem\",\"position\":2,\"name\":\"Shop\",\"item\":\"https:\\\/\\\/kuesten-jungle.de\\\/shop\\\/\"},{\"@type\":\"ListItem\",\"position\":3,\"name\":\"1 zus\u00e4tzliches 72h HeatPack XL f\u00fcr den Versand\"}]},{\"@type\":\"WebSite\",\"@id\":\"https:\\\/\\\/kuesten-jungle.de\\\/#website\",\"url\":\"https:\\\/\\\/kuesten-jungle.de\\\/\",\"name\":\"K\u00fcsten Jungle\",\"description\":\"Dein Shop f\u00fcr deinen Jungle\",\"publisher\":{\"@id\":\"https:\\\/\\\/kuesten-jungle.de\\\/#organization\"},\"potentialAction\":[{\"@type\":\"SearchAction\",\"target\":{\"@type\":\"EntryPoint\",\"urlTemplate\":\"https:\\\/\\\/kuesten-jungle.de\\\/?s={search_term_string}\"},\"query-input\":{\"@type\":\"PropertyValueSpecification\",\"valueRequired\":true,\"valueName\":\"search_term_string\"}}],\"inLanguage\":\"en-US\"},{\"@type\":\"Organization\",\"@id\":\"https:\\\/\\\/kuesten-jungle.de\\\/#organization\",\"name\":\"K\u00fcsten Jungle\",\"url\":\"https:\\\/\\\/kuesten-jungle.de\\\/\",\"logo\":{\"@type\":\"ImageObject\",\"inLanguage\":\"en-US\",\"@id\":\"https:\\\/\\\/kuesten-jungle.de\\\/#\\\/schema\\\/logo\\\/image\\\/\",\"url\":\"https:\\\/\\\/kuesten-jungle.de\\\/wp-content\\\/uploads\\\/2022\\\/01\\\/weiss-pngss-1.png\",\"contentUrl\":\"https:\\\/\\\/kuesten-jungle.de\\\/wp-content\\\/uploads\\\/2022\\\/01\\\/weiss-pngss-1.png\",\"width\":1014,\"height\":1347,\"caption\":\"K\u00fcsten Jungle\"},\"image\":{\"@id\":\"https:\\\/\\\/kuesten-jungle.de\\\/#\\\/schema\\\/logo\\\/image\\\/\"}}]}<\/script>\n<!-- \/ Yoast SEO plugin. -->","yoast_head_json":{"title":"1 zus\u00e4tzliches 72h HeatPack XL f\u00fcr den Versand - K\u00fcsten Jungle","robots":{"index":"index","follow":"follow","max-snippet":"max-snippet:-1","max-image-preview":"max-image-preview:large","max-video-preview":"max-video-preview:-1"},"canonical":"https:\/\/kuesten-jungle.de\/en\/product\/1-zusaetzliches-72h-heatpack-xl-fuer-den-versand\/","og_locale":"en_US","og_type":"article","og_title":"1 zus\u00e4tzliches 72h HeatPack XL f\u00fcr den Versand - K\u00fcsten Jungle","og_description":"Bei uns ist immer 1 72h Heatpack beim Versandpreis inklusive!  Wenn du aber zur Sicherheit ein zweites 72h Heatpack in deinem Paket haben m\u00f6chtest, kannst du es hiermit einfach ausw\u00e4hlen  Das hei\u00dft zum Beispiel du packst einmal dieses Heatpack hier mit in deinen Warenkorb und kaufst es, dann hast du nachher in deinem Paket 2 72h Heatpacks","og_url":"https:\/\/kuesten-jungle.de\/en\/product\/1-zusaetzliches-72h-heatpack-xl-fuer-den-versand\/","og_site_name":"K\u00fcsten Jungle","article_modified_time":"2026-04-08T07:38:24+00:00","og_image":[{"width":1000,"height":1000,"url":"https:\/\/kuesten-jungle.de\/wp-content\/uploads\/2023\/01\/72h-heatpack-xl.jpg","type":"image\/jpeg"}],"twitter_card":"summary_large_image","twitter_misc":{"Est. reading time":"1 minute"},"schema":{"@context":"https:\/\/schema.org","@graph":[{"@type":"WebPage","@id":"https:\/\/kuesten-jungle.de\/product\/1-zusaetzliches-72h-heatpack-xl-fuer-den-versand\/","url":"https:\/\/kuesten-jungle.de\/product\/1-zusaetzliches-72h-heatpack-xl-fuer-den-versand\/","name":"1 zus\u00e4tzliches 72h HeatPack XL f\u00fcr den Versand - K\u00fcsten Jungle","isPartOf":{"@id":"https:\/\/kuesten-jungle.de\/#website"},"primaryImageOfPage":{"@id":"https:\/\/kuesten-jungle.de\/product\/1-zusaetzliches-72h-heatpack-xl-fuer-den-versand\/#primaryimage"},"image":{"@id":"https:\/\/kuesten-jungle.de\/product\/1-zusaetzliches-72h-heatpack-xl-fuer-den-versand\/#primaryimage"},"thumbnailUrl":"https:\/\/kuesten-jungle.de\/wp-content\/uploads\/2023\/01\/72h-heatpack-xl.jpg","datePublished":"2023-01-24T21:19:34+00:00","dateModified":"2026-04-08T07:38:24+00:00","breadcrumb":{"@id":"https:\/\/kuesten-jungle.de\/product\/1-zusaetzliches-72h-heatpack-xl-fuer-den-versand\/#breadcrumb"},"inLanguage":"en-US","potentialAction":[{"@type":"ReadAction","target":["https:\/\/kuesten-jungle.de\/product\/1-zusaetzliches-72h-heatpack-xl-fuer-den-versand\/"]}]},{"@type":"ImageObject","inLanguage":"en-US","@id":"https:\/\/kuesten-jungle.de\/product\/1-zusaetzliches-72h-heatpack-xl-fuer-den-versand\/#primaryimage","url":"https:\/\/kuesten-jungle.de\/wp-content\/uploads\/2023\/01\/72h-heatpack-xl.jpg","contentUrl":"https:\/\/kuesten-jungle.de\/wp-content\/uploads\/2023\/01\/72h-heatpack-xl.jpg","width":1000,"height":1000},{"@type":"BreadcrumbList","@id":"https:\/\/kuesten-jungle.de\/product\/1-zusaetzliches-72h-heatpack-xl-fuer-den-versand\/#breadcrumb","itemListElement":[{"@type":"ListItem","position":1,"name":"Startseite","item":"https:\/\/kuesten-jungle.de\/"},{"@type":"ListItem","position":2,"name":"Shop","item":"https:\/\/kuesten-jungle.de\/shop\/"},{"@type":"ListItem","position":3,"name":"1 zus\u00e4tzliches 72h HeatPack XL f\u00fcr den Versand"}]},{"@type":"WebSite","@id":"https:\/\/kuesten-jungle.de\/#website","url":"https:\/\/kuesten-jungle.de\/","name":"K\u00fcsten Jungle","description":"Your store for your jungle","publisher":{"@id":"https:\/\/kuesten-jungle.de\/#organization"},"potentialAction":[{"@type":"SearchAction","target":{"@type":"EntryPoint","urlTemplate":"https:\/\/kuesten-jungle.de\/?s={search_term_string}"},"query-input":{"@type":"PropertyValueSpecification","valueRequired":true,"valueName":"search_term_string"}}],"inLanguage":"en-US"},{"@type":"Organization","@id":"https:\/\/kuesten-jungle.de\/#organization","name":"K\u00fcsten Jungle","url":"https:\/\/kuesten-jungle.de\/","logo":{"@type":"ImageObject","inLanguage":"en-US","@id":"https:\/\/kuesten-jungle.de\/#\/schema\/logo\/image\/","url":"https:\/\/kuesten-jungle.de\/wp-content\/uploads\/2022\/01\/weiss-pngss-1.png","contentUrl":"https:\/\/kuesten-jungle.de\/wp-content\/uploads\/2022\/01\/weiss-pngss-1.png","width":1014,"height":1347,"caption":"K\u00fcsten Jungle"},"image":{"@id":"https:\/\/kuesten-jungle.de\/#\/schema\/logo\/image\/"}}]}},"_links":{"self":[{"href":"https:\/\/kuesten-jungle.de\/en\/wp-json\/wp\/v2\/product\/3688","targetHints":{"allow":["GET"]}}],"collection":[{"href":"https:\/\/kuesten-jungle.de\/en\/wp-json\/wp\/v2\/product"}],"about":[{"href":"https:\/\/kuesten-jungle.de\/en\/wp-json\/wp\/v2\/types\/product"}],"replies":[{"embeddable":true,"href":"https:\/\/kuesten-jungle.de\/en\/wp-json\/wp\/v2\/comments?post=3688"}],"wp:featuredmedia":[{"embeddable":true,"href":"https:\/\/kuesten-jungle.de\/en\/wp-json\/wp\/v2\/media\/3689"}],"wp:attachment":[{"href":"https:\/\/kuesten-jungle.de\/en\/wp-json\/wp\/v2\/media?parent=3688"}],"wp:term":[{"taxonomy":"product_brand","embeddable":true,"href":"https:\/\/kuesten-jungle.de\/en\/wp-json\/wp\/v2\/product_brand?post=3688"},{"taxonomy":"product_cat","embeddable":true,"href":"https:\/\/kuesten-jungle.de\/en\/wp-json\/wp\/v2\/product_cat?post=3688"},{"taxonomy":"product_tag","embeddable":true,"href":"https:\/\/kuesten-jungle.de\/en\/wp-json\/wp\/v2\/product_tag?post=3688"}],"curies":[{"name":"wp","href":"https:\/\/api.w.org\/{rel}","templated":true}]}}