{"id":4404,"date":"2023-03-18T22:15:55","date_gmt":"2023-03-18T21:15:55","guid":{"rendered":"https:\/\/kuesten-jungle.de\/?post_type=product&#038;p=4404"},"modified":"2026-03-18T08:22:12","modified_gmt":"2026-03-18T07:22:12","slug":"premium-anthurien-mix","status":"publish","type":"product","link":"https:\/\/kuesten-jungle.de\/en\/product\/premium-anthurien-mix\/","title":{"rendered":"Premium anthurium mix"},"content":{"rendered":"","protected":false},"excerpt":{"rendered":"<p>Premium <span class=\"hiddenSpellError\">Anthuriums<\/span> Mix is our in-house, handmade planting substrate, especially for the care of anthuriums.<\/p>\n<ul>\n<li>Peat-free soil, good for your plants and nature!<\/li>\n<li>Improved root development<\/li>\n<li>Organic nutrients for a thriving microbial life<\/li>\n<li>\u00a0Coarse and air-permeable<\/li>\n<li>ideal conditions for your anthuriums<\/li>\n<\/ul>\n<p>Components: <span class=\"hiddenSpellError\">Pine bark; <\/span>Sphagnum moss; <span class=\"hiddenSpellError\">Coconut chips; <\/span>Perlite; <span class=\"hiddenSpellError\">Coconut soil; <\/span>Pumice 5-8 mm; Pumice 8-16 mm; Zeolites 8-16 mm &amp; Lava rock 8-16 mm<\/p>\n<p><strong>Price per liter<\/strong><\/p>","protected":false},"featured_media":4405,"comment_status":"open","ping_status":"closed","template":"","meta":[],"product_brand":[],"product_cat":[206],"product_tag":[406],"class_list":{"0":"post-4404","1":"product","2":"type-product","3":"status-publish","4":"has-post-thumbnail","6":"product_cat-zubehoer","7":"product_tag-anthurien-mix","8":"product_shipping_class-zubehoer","10":"first","11":"outofstock","12":"taxable","13":"shipping-taxable","14":"purchasable","15":"product-type-simple"},"acf":[],"yoast_head":"<!-- This site is optimized with the Yoast SEO plugin v27.3 - https:\/\/yoast.com\/product\/yoast-seo-wordpress\/ -->\n<title>Premium Anthurien Mix - K\u00fcsten Jungle<\/title>\n<meta name=\"robots\" content=\"index, follow, max-snippet:-1, max-image-preview:large, max-video-preview:-1\" \/>\n<link rel=\"canonical\" href=\"https:\/\/kuesten-jungle.de\/en\/product\/premium-anthurien-mix\/\" \/>\n<meta property=\"og:locale\" content=\"en_US\" \/>\n<meta property=\"og:type\" content=\"article\" \/>\n<meta property=\"og:title\" content=\"Premium Anthurien Mix - K\u00fcsten Jungle\" \/>\n<meta property=\"og:description\" content=\"Premium Anthurien Mix ist unser hauseigenes, handgefertigtes Pflanzsubstrat, extra f\u00fcr die Pflege von Anthurien.   Torffreie Erde, gut f\u00fcr Ihre Pflanzen und die Natur!  Verbesserte Wurzelentwicklung  Organische N\u00e4hrstoffe f\u00fcr ein bl\u00fchendes mikrobielles Leben  \u00a0grob und luftdurchl\u00e4ssig  ideale Bedingungen f\u00fcr deine Anthurien  Bestandteile: Pinienrinde; Sphagnum Moos; Kokoschips; Perlite; Kokoserde; Bims 5-8 mm; Bims 8-16 mm; Zeolithe 8-16 mm &amp; Lavagestein 8-16 mm  Preis pro Liter\" \/>\n<meta property=\"og:url\" content=\"https:\/\/kuesten-jungle.de\/en\/product\/premium-anthurien-mix\/\" \/>\n<meta property=\"og:site_name\" content=\"K\u00fcsten Jungle\" \/>\n<meta property=\"article:modified_time\" content=\"2026-03-18T07:22:12+00:00\" \/>\n<meta property=\"og:image\" content=\"https:\/\/kuesten-jungle.de\/wp-content\/uploads\/2023\/03\/IMG_8413.jpg\" \/>\n\t<meta property=\"og:image:width\" content=\"1920\" \/>\n\t<meta property=\"og:image:height\" content=\"1521\" \/>\n\t<meta property=\"og:image:type\" content=\"image\/jpeg\" \/>\n<meta name=\"twitter:card\" content=\"summary_large_image\" \/>\n<meta name=\"twitter:label1\" content=\"Est. reading time\" \/>\n\t<meta name=\"twitter:data1\" content=\"1 minute\" \/>\n<script type=\"application\/ld+json\" class=\"yoast-schema-graph\">{\"@context\":\"https:\\\/\\\/schema.org\",\"@graph\":[{\"@type\":\"WebPage\",\"@id\":\"https:\\\/\\\/kuesten-jungle.de\\\/product\\\/premium-anthurien-mix\\\/\",\"url\":\"https:\\\/\\\/kuesten-jungle.de\\\/product\\\/premium-anthurien-mix\\\/\",\"name\":\"Premium Anthurien Mix - K\u00fcsten Jungle\",\"isPartOf\":{\"@id\":\"https:\\\/\\\/kuesten-jungle.de\\\/#website\"},\"primaryImageOfPage\":{\"@id\":\"https:\\\/\\\/kuesten-jungle.de\\\/product\\\/premium-anthurien-mix\\\/#primaryimage\"},\"image\":{\"@id\":\"https:\\\/\\\/kuesten-jungle.de\\\/product\\\/premium-anthurien-mix\\\/#primaryimage\"},\"thumbnailUrl\":\"https:\\\/\\\/kuesten-jungle.de\\\/wp-content\\\/uploads\\\/2023\\\/03\\\/IMG_8413.jpg\",\"datePublished\":\"2023-03-18T21:15:55+00:00\",\"dateModified\":\"2026-03-18T07:22:12+00:00\",\"breadcrumb\":{\"@id\":\"https:\\\/\\\/kuesten-jungle.de\\\/product\\\/premium-anthurien-mix\\\/#breadcrumb\"},\"inLanguage\":\"en-US\",\"potentialAction\":[{\"@type\":\"ReadAction\",\"target\":[\"https:\\\/\\\/kuesten-jungle.de\\\/product\\\/premium-anthurien-mix\\\/\"]}]},{\"@type\":\"ImageObject\",\"inLanguage\":\"en-US\",\"@id\":\"https:\\\/\\\/kuesten-jungle.de\\\/product\\\/premium-anthurien-mix\\\/#primaryimage\",\"url\":\"https:\\\/\\\/kuesten-jungle.de\\\/wp-content\\\/uploads\\\/2023\\\/03\\\/IMG_8413.jpg\",\"contentUrl\":\"https:\\\/\\\/kuesten-jungle.de\\\/wp-content\\\/uploads\\\/2023\\\/03\\\/IMG_8413.jpg\",\"width\":1920,\"height\":1521},{\"@type\":\"BreadcrumbList\",\"@id\":\"https:\\\/\\\/kuesten-jungle.de\\\/product\\\/premium-anthurien-mix\\\/#breadcrumb\",\"itemListElement\":[{\"@type\":\"ListItem\",\"position\":1,\"name\":\"Startseite\",\"item\":\"https:\\\/\\\/kuesten-jungle.de\\\/\"},{\"@type\":\"ListItem\",\"position\":2,\"name\":\"Shop\",\"item\":\"https:\\\/\\\/kuesten-jungle.de\\\/shop\\\/\"},{\"@type\":\"ListItem\",\"position\":3,\"name\":\"Premium Anthurien Mix\"}]},{\"@type\":\"WebSite\",\"@id\":\"https:\\\/\\\/kuesten-jungle.de\\\/#website\",\"url\":\"https:\\\/\\\/kuesten-jungle.de\\\/\",\"name\":\"K\u00fcsten Jungle\",\"description\":\"Dein Shop f\u00fcr deinen Jungle\",\"publisher\":{\"@id\":\"https:\\\/\\\/kuesten-jungle.de\\\/#organization\"},\"potentialAction\":[{\"@type\":\"SearchAction\",\"target\":{\"@type\":\"EntryPoint\",\"urlTemplate\":\"https:\\\/\\\/kuesten-jungle.de\\\/?s={search_term_string}\"},\"query-input\":{\"@type\":\"PropertyValueSpecification\",\"valueRequired\":true,\"valueName\":\"search_term_string\"}}],\"inLanguage\":\"en-US\"},{\"@type\":\"Organization\",\"@id\":\"https:\\\/\\\/kuesten-jungle.de\\\/#organization\",\"name\":\"K\u00fcsten Jungle\",\"url\":\"https:\\\/\\\/kuesten-jungle.de\\\/\",\"logo\":{\"@type\":\"ImageObject\",\"inLanguage\":\"en-US\",\"@id\":\"https:\\\/\\\/kuesten-jungle.de\\\/#\\\/schema\\\/logo\\\/image\\\/\",\"url\":\"https:\\\/\\\/kuesten-jungle.de\\\/wp-content\\\/uploads\\\/2022\\\/01\\\/weiss-pngss-1.png\",\"contentUrl\":\"https:\\\/\\\/kuesten-jungle.de\\\/wp-content\\\/uploads\\\/2022\\\/01\\\/weiss-pngss-1.png\",\"width\":1014,\"height\":1347,\"caption\":\"K\u00fcsten Jungle\"},\"image\":{\"@id\":\"https:\\\/\\\/kuesten-jungle.de\\\/#\\\/schema\\\/logo\\\/image\\\/\"}}]}<\/script>\n<!-- \/ Yoast SEO plugin. -->","yoast_head_json":{"title":"Premium Anthurien Mix - K\u00fcsten Jungle","robots":{"index":"index","follow":"follow","max-snippet":"max-snippet:-1","max-image-preview":"max-image-preview:large","max-video-preview":"max-video-preview:-1"},"canonical":"https:\/\/kuesten-jungle.de\/en\/product\/premium-anthurien-mix\/","og_locale":"en_US","og_type":"article","og_title":"Premium Anthurien Mix - K\u00fcsten Jungle","og_description":"Premium Anthurien Mix ist unser hauseigenes, handgefertigtes Pflanzsubstrat, extra f\u00fcr die Pflege von Anthurien.   Torffreie Erde, gut f\u00fcr Ihre Pflanzen und die Natur!  Verbesserte Wurzelentwicklung  Organische N\u00e4hrstoffe f\u00fcr ein bl\u00fchendes mikrobielles Leben  \u00a0grob und luftdurchl\u00e4ssig  ideale Bedingungen f\u00fcr deine Anthurien  Bestandteile: Pinienrinde; Sphagnum Moos; Kokoschips; Perlite; Kokoserde; Bims 5-8 mm; Bims 8-16 mm; Zeolithe 8-16 mm &amp; Lavagestein 8-16 mm  Preis pro Liter","og_url":"https:\/\/kuesten-jungle.de\/en\/product\/premium-anthurien-mix\/","og_site_name":"K\u00fcsten Jungle","article_modified_time":"2026-03-18T07:22:12+00:00","og_image":[{"width":1920,"height":1521,"url":"https:\/\/kuesten-jungle.de\/wp-content\/uploads\/2023\/03\/IMG_8413.jpg","type":"image\/jpeg"}],"twitter_card":"summary_large_image","twitter_misc":{"Est. reading time":"1 minute"},"schema":{"@context":"https:\/\/schema.org","@graph":[{"@type":"WebPage","@id":"https:\/\/kuesten-jungle.de\/product\/premium-anthurien-mix\/","url":"https:\/\/kuesten-jungle.de\/product\/premium-anthurien-mix\/","name":"Premium Anthurien Mix - K\u00fcsten Jungle","isPartOf":{"@id":"https:\/\/kuesten-jungle.de\/#website"},"primaryImageOfPage":{"@id":"https:\/\/kuesten-jungle.de\/product\/premium-anthurien-mix\/#primaryimage"},"image":{"@id":"https:\/\/kuesten-jungle.de\/product\/premium-anthurien-mix\/#primaryimage"},"thumbnailUrl":"https:\/\/kuesten-jungle.de\/wp-content\/uploads\/2023\/03\/IMG_8413.jpg","datePublished":"2023-03-18T21:15:55+00:00","dateModified":"2026-03-18T07:22:12+00:00","breadcrumb":{"@id":"https:\/\/kuesten-jungle.de\/product\/premium-anthurien-mix\/#breadcrumb"},"inLanguage":"en-US","potentialAction":[{"@type":"ReadAction","target":["https:\/\/kuesten-jungle.de\/product\/premium-anthurien-mix\/"]}]},{"@type":"ImageObject","inLanguage":"en-US","@id":"https:\/\/kuesten-jungle.de\/product\/premium-anthurien-mix\/#primaryimage","url":"https:\/\/kuesten-jungle.de\/wp-content\/uploads\/2023\/03\/IMG_8413.jpg","contentUrl":"https:\/\/kuesten-jungle.de\/wp-content\/uploads\/2023\/03\/IMG_8413.jpg","width":1920,"height":1521},{"@type":"BreadcrumbList","@id":"https:\/\/kuesten-jungle.de\/product\/premium-anthurien-mix\/#breadcrumb","itemListElement":[{"@type":"ListItem","position":1,"name":"Startseite","item":"https:\/\/kuesten-jungle.de\/"},{"@type":"ListItem","position":2,"name":"Shop","item":"https:\/\/kuesten-jungle.de\/shop\/"},{"@type":"ListItem","position":3,"name":"Premium Anthurien Mix"}]},{"@type":"WebSite","@id":"https:\/\/kuesten-jungle.de\/#website","url":"https:\/\/kuesten-jungle.de\/","name":"K\u00fcsten Jungle","description":"Your store for your jungle","publisher":{"@id":"https:\/\/kuesten-jungle.de\/#organization"},"potentialAction":[{"@type":"SearchAction","target":{"@type":"EntryPoint","urlTemplate":"https:\/\/kuesten-jungle.de\/?s={search_term_string}"},"query-input":{"@type":"PropertyValueSpecification","valueRequired":true,"valueName":"search_term_string"}}],"inLanguage":"en-US"},{"@type":"Organization","@id":"https:\/\/kuesten-jungle.de\/#organization","name":"K\u00fcsten Jungle","url":"https:\/\/kuesten-jungle.de\/","logo":{"@type":"ImageObject","inLanguage":"en-US","@id":"https:\/\/kuesten-jungle.de\/#\/schema\/logo\/image\/","url":"https:\/\/kuesten-jungle.de\/wp-content\/uploads\/2022\/01\/weiss-pngss-1.png","contentUrl":"https:\/\/kuesten-jungle.de\/wp-content\/uploads\/2022\/01\/weiss-pngss-1.png","width":1014,"height":1347,"caption":"K\u00fcsten Jungle"},"image":{"@id":"https:\/\/kuesten-jungle.de\/#\/schema\/logo\/image\/"}}]}},"_links":{"self":[{"href":"https:\/\/kuesten-jungle.de\/en\/wp-json\/wp\/v2\/product\/4404","targetHints":{"allow":["GET"]}}],"collection":[{"href":"https:\/\/kuesten-jungle.de\/en\/wp-json\/wp\/v2\/product"}],"about":[{"href":"https:\/\/kuesten-jungle.de\/en\/wp-json\/wp\/v2\/types\/product"}],"replies":[{"embeddable":true,"href":"https:\/\/kuesten-jungle.de\/en\/wp-json\/wp\/v2\/comments?post=4404"}],"wp:featuredmedia":[{"embeddable":true,"href":"https:\/\/kuesten-jungle.de\/en\/wp-json\/wp\/v2\/media\/4405"}],"wp:attachment":[{"href":"https:\/\/kuesten-jungle.de\/en\/wp-json\/wp\/v2\/media?parent=4404"}],"wp:term":[{"taxonomy":"product_brand","embeddable":true,"href":"https:\/\/kuesten-jungle.de\/en\/wp-json\/wp\/v2\/product_brand?post=4404"},{"taxonomy":"product_cat","embeddable":true,"href":"https:\/\/kuesten-jungle.de\/en\/wp-json\/wp\/v2\/product_cat?post=4404"},{"taxonomy":"product_tag","embeddable":true,"href":"https:\/\/kuesten-jungle.de\/en\/wp-json\/wp\/v2\/product_tag?post=4404"}],"curies":[{"name":"wp","href":"https:\/\/api.w.org\/{rel}","templated":true}]}}