{"id":5206,"date":"2023-06-03T19:00:24","date_gmt":"2023-06-03T17:00:24","guid":{"rendered":"https:\/\/kuesten-jungle.de\/?post_type=product&#038;p=5206"},"modified":"2026-03-05T07:49:45","modified_gmt":"2026-03-05T06:49:45","slug":"premium-aroid-soil-mix-feiner-mix","status":"publish","type":"product","link":"https:\/\/kuesten-jungle.de\/en\/product\/premium-aroid-soil-mix-feiner-mix\/","title":{"rendered":"Premium Aroid Soil Mix (Fine Mix)"},"content":{"rendered":"","protected":false},"excerpt":{"rendered":"<p>Our substrate contains: <span class=\"hiddenSpellError\">Pine bark<\/span>,\u00a0 <span class=\"hiddenSpellError\">Pumice<\/span>Perlite, <span class=\"hiddenSpellError\">Coconut soil<\/span>worm humus and biochar.<\/p>\n<p>This is a finer version of our Premium Aroid Mix. This is ideal for young plants or plants with finer roots.<\/p>\n<p>Premium <span class=\"hiddenSpellError\">Aroid<\/span> <span class=\"hiddenSpellError\">Soil<\/span> Mix is our in-house, handmade plant substrate that is suitable for many of your beloved plants. Because we mainly use <span class=\"hiddenSpellError\">Aroids<\/span> and sell, we have taken on the task of procuring a customized solution for their specific needs.<span class=\"hiddenSpellError\">ish<\/span> taken care of. So that we know what is in the substrate we use, we have decided to produce our own substrate.<\/p>\n<p>Thanks to the high proportion of pine bark and pumice, the mix is nice and fluffy.<\/p>\n<p>We have tested the substrate on our plants and are delighted to finally be able to offer it to you!<\/p>\n<p><strong>Price per liter<\/strong><\/p>","protected":false},"featured_media":5207,"comment_status":"open","ping_status":"closed","template":"","meta":[],"product_brand":[],"product_cat":[206],"product_tag":[194,195,196,197],"class_list":{"0":"post-5206","1":"product","2":"type-product","3":"status-publish","4":"has-post-thumbnail","6":"product_cat-zubehoer","7":"product_tag-premium-aroid-soil-mix","8":"product_tag-premium-aroid-mix","9":"product_tag-aroid-mix","10":"product_tag-aroid-soil","11":"product_shipping_class-zubehoer","13":"first","14":"instock","15":"taxable","16":"shipping-taxable","17":"purchasable","18":"product-type-simple"},"acf":[],"yoast_head":"<!-- This site is optimized with the Yoast SEO plugin v27.3 - https:\/\/yoast.com\/product\/yoast-seo-wordpress\/ -->\n<title>Premium Aroid Soil Mix (Feiner Mix) - K\u00fcsten Jungle<\/title>\n<meta name=\"robots\" content=\"index, follow, max-snippet:-1, max-image-preview:large, max-video-preview:-1\" \/>\n<link rel=\"canonical\" href=\"https:\/\/kuesten-jungle.de\/en\/product\/premium-aroid-soil-mix-feiner-mix\/\" \/>\n<meta property=\"og:locale\" content=\"en_US\" \/>\n<meta property=\"og:type\" content=\"article\" \/>\n<meta property=\"og:title\" content=\"Premium Aroid Soil Mix (Feiner Mix) - K\u00fcsten Jungle\" \/>\n<meta property=\"og:description\" content=\"Unser Substrat enth\u00e4lt: Pinienrinde,\u00a0 Bims, Perlite, Kokoserde, Wurmhumus und Pflanzenkohle.  Dies ist eine feinere Version unseres Premium Aroid Mix. Dies eignet sich herrvoragend f\u00fcr Jungpflanzen oder Pflanzen mit feineren Wurzeln.  Premium Aroid Soil Mix ist unser hauseigenes, handgefertigtes Pflanzsubstrat, das sich f\u00fcr viele deiner geliebten Pflanzen eignet. Dadurch dass wir haupts\u00e4chlich Aroids besitzen und verkaufen, haben wir uns um die Beschaffung einer auf ihre spezifischen Bed\u00fcrfnisse zugeschnittenen Mischung gek\u00fcmmert. Damit wir wissen, was in dem Substrat, welches wir nutzen ist, haben wir uns entschlossen ein eigenes Substrat herzustellen.  Durch den hohen Anteil von Pinienrinde und Bims, ist der Mix sch\u00f6n locker und luftig.  Wir haben das Substrat an unseren Pflanzen getestet und freuen uns, es euch endlich auch anbieten zu k\u00f6nnen!  Preis pro Liter\" \/>\n<meta property=\"og:url\" content=\"https:\/\/kuesten-jungle.de\/en\/product\/premium-aroid-soil-mix-feiner-mix\/\" \/>\n<meta property=\"og:site_name\" content=\"K\u00fcsten Jungle\" \/>\n<meta property=\"article:modified_time\" content=\"2026-03-05T06:49:45+00:00\" \/>\n<meta property=\"og:image\" content=\"https:\/\/kuesten-jungle.de\/wp-content\/uploads\/2023\/06\/IMG_20230603_173835.jpg\" \/>\n\t<meta property=\"og:image:width\" content=\"1920\" \/>\n\t<meta property=\"og:image:height\" content=\"1440\" \/>\n\t<meta property=\"og:image:type\" content=\"image\/jpeg\" \/>\n<meta name=\"twitter:card\" content=\"summary_large_image\" \/>\n<meta name=\"twitter:label1\" content=\"Est. reading time\" \/>\n\t<meta name=\"twitter:data1\" content=\"1 minute\" \/>\n<script type=\"application\/ld+json\" class=\"yoast-schema-graph\">{\"@context\":\"https:\\\/\\\/schema.org\",\"@graph\":[{\"@type\":\"WebPage\",\"@id\":\"https:\\\/\\\/kuesten-jungle.de\\\/product\\\/premium-aroid-soil-mix-feiner-mix\\\/\",\"url\":\"https:\\\/\\\/kuesten-jungle.de\\\/product\\\/premium-aroid-soil-mix-feiner-mix\\\/\",\"name\":\"Premium Aroid Soil Mix (Feiner Mix) - K\u00fcsten Jungle\",\"isPartOf\":{\"@id\":\"https:\\\/\\\/kuesten-jungle.de\\\/#website\"},\"primaryImageOfPage\":{\"@id\":\"https:\\\/\\\/kuesten-jungle.de\\\/product\\\/premium-aroid-soil-mix-feiner-mix\\\/#primaryimage\"},\"image\":{\"@id\":\"https:\\\/\\\/kuesten-jungle.de\\\/product\\\/premium-aroid-soil-mix-feiner-mix\\\/#primaryimage\"},\"thumbnailUrl\":\"https:\\\/\\\/kuesten-jungle.de\\\/wp-content\\\/uploads\\\/2023\\\/06\\\/IMG_20230603_173835.jpg\",\"datePublished\":\"2023-06-03T17:00:24+00:00\",\"dateModified\":\"2026-03-05T06:49:45+00:00\",\"breadcrumb\":{\"@id\":\"https:\\\/\\\/kuesten-jungle.de\\\/product\\\/premium-aroid-soil-mix-feiner-mix\\\/#breadcrumb\"},\"inLanguage\":\"en-US\",\"potentialAction\":[{\"@type\":\"ReadAction\",\"target\":[\"https:\\\/\\\/kuesten-jungle.de\\\/product\\\/premium-aroid-soil-mix-feiner-mix\\\/\"]}]},{\"@type\":\"ImageObject\",\"inLanguage\":\"en-US\",\"@id\":\"https:\\\/\\\/kuesten-jungle.de\\\/product\\\/premium-aroid-soil-mix-feiner-mix\\\/#primaryimage\",\"url\":\"https:\\\/\\\/kuesten-jungle.de\\\/wp-content\\\/uploads\\\/2023\\\/06\\\/IMG_20230603_173835.jpg\",\"contentUrl\":\"https:\\\/\\\/kuesten-jungle.de\\\/wp-content\\\/uploads\\\/2023\\\/06\\\/IMG_20230603_173835.jpg\",\"width\":1920,\"height\":1440},{\"@type\":\"BreadcrumbList\",\"@id\":\"https:\\\/\\\/kuesten-jungle.de\\\/product\\\/premium-aroid-soil-mix-feiner-mix\\\/#breadcrumb\",\"itemListElement\":[{\"@type\":\"ListItem\",\"position\":1,\"name\":\"Startseite\",\"item\":\"https:\\\/\\\/kuesten-jungle.de\\\/\"},{\"@type\":\"ListItem\",\"position\":2,\"name\":\"Shop\",\"item\":\"https:\\\/\\\/kuesten-jungle.de\\\/shop\\\/\"},{\"@type\":\"ListItem\",\"position\":3,\"name\":\"Premium Aroid Soil Mix (Feiner Mix)\"}]},{\"@type\":\"WebSite\",\"@id\":\"https:\\\/\\\/kuesten-jungle.de\\\/#website\",\"url\":\"https:\\\/\\\/kuesten-jungle.de\\\/\",\"name\":\"K\u00fcsten Jungle\",\"description\":\"Dein Shop f\u00fcr deinen Jungle\",\"publisher\":{\"@id\":\"https:\\\/\\\/kuesten-jungle.de\\\/#organization\"},\"potentialAction\":[{\"@type\":\"SearchAction\",\"target\":{\"@type\":\"EntryPoint\",\"urlTemplate\":\"https:\\\/\\\/kuesten-jungle.de\\\/?s={search_term_string}\"},\"query-input\":{\"@type\":\"PropertyValueSpecification\",\"valueRequired\":true,\"valueName\":\"search_term_string\"}}],\"inLanguage\":\"en-US\"},{\"@type\":\"Organization\",\"@id\":\"https:\\\/\\\/kuesten-jungle.de\\\/#organization\",\"name\":\"K\u00fcsten Jungle\",\"url\":\"https:\\\/\\\/kuesten-jungle.de\\\/\",\"logo\":{\"@type\":\"ImageObject\",\"inLanguage\":\"en-US\",\"@id\":\"https:\\\/\\\/kuesten-jungle.de\\\/#\\\/schema\\\/logo\\\/image\\\/\",\"url\":\"https:\\\/\\\/kuesten-jungle.de\\\/wp-content\\\/uploads\\\/2022\\\/01\\\/weiss-pngss-1.png\",\"contentUrl\":\"https:\\\/\\\/kuesten-jungle.de\\\/wp-content\\\/uploads\\\/2022\\\/01\\\/weiss-pngss-1.png\",\"width\":1014,\"height\":1347,\"caption\":\"K\u00fcsten Jungle\"},\"image\":{\"@id\":\"https:\\\/\\\/kuesten-jungle.de\\\/#\\\/schema\\\/logo\\\/image\\\/\"}}]}<\/script>\n<!-- \/ Yoast SEO plugin. -->","yoast_head_json":{"title":"Premium Aroid Soil Mix (Feiner Mix) - K\u00fcsten Jungle","robots":{"index":"index","follow":"follow","max-snippet":"max-snippet:-1","max-image-preview":"max-image-preview:large","max-video-preview":"max-video-preview:-1"},"canonical":"https:\/\/kuesten-jungle.de\/en\/product\/premium-aroid-soil-mix-feiner-mix\/","og_locale":"en_US","og_type":"article","og_title":"Premium Aroid Soil Mix (Feiner Mix) - K\u00fcsten Jungle","og_description":"Unser Substrat enth\u00e4lt: Pinienrinde,\u00a0 Bims, Perlite, Kokoserde, Wurmhumus und Pflanzenkohle.  Dies ist eine feinere Version unseres Premium Aroid Mix. Dies eignet sich herrvoragend f\u00fcr Jungpflanzen oder Pflanzen mit feineren Wurzeln.  Premium Aroid Soil Mix ist unser hauseigenes, handgefertigtes Pflanzsubstrat, das sich f\u00fcr viele deiner geliebten Pflanzen eignet. Dadurch dass wir haupts\u00e4chlich Aroids besitzen und verkaufen, haben wir uns um die Beschaffung einer auf ihre spezifischen Bed\u00fcrfnisse zugeschnittenen Mischung gek\u00fcmmert. Damit wir wissen, was in dem Substrat, welches wir nutzen ist, haben wir uns entschlossen ein eigenes Substrat herzustellen.  Durch den hohen Anteil von Pinienrinde und Bims, ist der Mix sch\u00f6n locker und luftig.  Wir haben das Substrat an unseren Pflanzen getestet und freuen uns, es euch endlich auch anbieten zu k\u00f6nnen!  Preis pro Liter","og_url":"https:\/\/kuesten-jungle.de\/en\/product\/premium-aroid-soil-mix-feiner-mix\/","og_site_name":"K\u00fcsten Jungle","article_modified_time":"2026-03-05T06:49:45+00:00","og_image":[{"width":1920,"height":1440,"url":"https:\/\/kuesten-jungle.de\/wp-content\/uploads\/2023\/06\/IMG_20230603_173835.jpg","type":"image\/jpeg"}],"twitter_card":"summary_large_image","twitter_misc":{"Est. reading time":"1 minute"},"schema":{"@context":"https:\/\/schema.org","@graph":[{"@type":"WebPage","@id":"https:\/\/kuesten-jungle.de\/product\/premium-aroid-soil-mix-feiner-mix\/","url":"https:\/\/kuesten-jungle.de\/product\/premium-aroid-soil-mix-feiner-mix\/","name":"Premium Aroid Soil Mix (Feiner Mix) - K\u00fcsten Jungle","isPartOf":{"@id":"https:\/\/kuesten-jungle.de\/#website"},"primaryImageOfPage":{"@id":"https:\/\/kuesten-jungle.de\/product\/premium-aroid-soil-mix-feiner-mix\/#primaryimage"},"image":{"@id":"https:\/\/kuesten-jungle.de\/product\/premium-aroid-soil-mix-feiner-mix\/#primaryimage"},"thumbnailUrl":"https:\/\/kuesten-jungle.de\/wp-content\/uploads\/2023\/06\/IMG_20230603_173835.jpg","datePublished":"2023-06-03T17:00:24+00:00","dateModified":"2026-03-05T06:49:45+00:00","breadcrumb":{"@id":"https:\/\/kuesten-jungle.de\/product\/premium-aroid-soil-mix-feiner-mix\/#breadcrumb"},"inLanguage":"en-US","potentialAction":[{"@type":"ReadAction","target":["https:\/\/kuesten-jungle.de\/product\/premium-aroid-soil-mix-feiner-mix\/"]}]},{"@type":"ImageObject","inLanguage":"en-US","@id":"https:\/\/kuesten-jungle.de\/product\/premium-aroid-soil-mix-feiner-mix\/#primaryimage","url":"https:\/\/kuesten-jungle.de\/wp-content\/uploads\/2023\/06\/IMG_20230603_173835.jpg","contentUrl":"https:\/\/kuesten-jungle.de\/wp-content\/uploads\/2023\/06\/IMG_20230603_173835.jpg","width":1920,"height":1440},{"@type":"BreadcrumbList","@id":"https:\/\/kuesten-jungle.de\/product\/premium-aroid-soil-mix-feiner-mix\/#breadcrumb","itemListElement":[{"@type":"ListItem","position":1,"name":"Startseite","item":"https:\/\/kuesten-jungle.de\/"},{"@type":"ListItem","position":2,"name":"Shop","item":"https:\/\/kuesten-jungle.de\/shop\/"},{"@type":"ListItem","position":3,"name":"Premium Aroid Soil Mix (Feiner Mix)"}]},{"@type":"WebSite","@id":"https:\/\/kuesten-jungle.de\/#website","url":"https:\/\/kuesten-jungle.de\/","name":"K\u00fcsten Jungle","description":"Your store for your jungle","publisher":{"@id":"https:\/\/kuesten-jungle.de\/#organization"},"potentialAction":[{"@type":"SearchAction","target":{"@type":"EntryPoint","urlTemplate":"https:\/\/kuesten-jungle.de\/?s={search_term_string}"},"query-input":{"@type":"PropertyValueSpecification","valueRequired":true,"valueName":"search_term_string"}}],"inLanguage":"en-US"},{"@type":"Organization","@id":"https:\/\/kuesten-jungle.de\/#organization","name":"K\u00fcsten Jungle","url":"https:\/\/kuesten-jungle.de\/","logo":{"@type":"ImageObject","inLanguage":"en-US","@id":"https:\/\/kuesten-jungle.de\/#\/schema\/logo\/image\/","url":"https:\/\/kuesten-jungle.de\/wp-content\/uploads\/2022\/01\/weiss-pngss-1.png","contentUrl":"https:\/\/kuesten-jungle.de\/wp-content\/uploads\/2022\/01\/weiss-pngss-1.png","width":1014,"height":1347,"caption":"K\u00fcsten Jungle"},"image":{"@id":"https:\/\/kuesten-jungle.de\/#\/schema\/logo\/image\/"}}]}},"_links":{"self":[{"href":"https:\/\/kuesten-jungle.de\/en\/wp-json\/wp\/v2\/product\/5206","targetHints":{"allow":["GET"]}}],"collection":[{"href":"https:\/\/kuesten-jungle.de\/en\/wp-json\/wp\/v2\/product"}],"about":[{"href":"https:\/\/kuesten-jungle.de\/en\/wp-json\/wp\/v2\/types\/product"}],"replies":[{"embeddable":true,"href":"https:\/\/kuesten-jungle.de\/en\/wp-json\/wp\/v2\/comments?post=5206"}],"wp:featuredmedia":[{"embeddable":true,"href":"https:\/\/kuesten-jungle.de\/en\/wp-json\/wp\/v2\/media\/5207"}],"wp:attachment":[{"href":"https:\/\/kuesten-jungle.de\/en\/wp-json\/wp\/v2\/media?parent=5206"}],"wp:term":[{"taxonomy":"product_brand","embeddable":true,"href":"https:\/\/kuesten-jungle.de\/en\/wp-json\/wp\/v2\/product_brand?post=5206"},{"taxonomy":"product_cat","embeddable":true,"href":"https:\/\/kuesten-jungle.de\/en\/wp-json\/wp\/v2\/product_cat?post=5206"},{"taxonomy":"product_tag","embeddable":true,"href":"https:\/\/kuesten-jungle.de\/en\/wp-json\/wp\/v2\/product_tag?post=5206"}],"curies":[{"name":"wp","href":"https:\/\/api.w.org\/{rel}","templated":true}]}}