{"id":5210,"date":"2023-06-03T19:26:19","date_gmt":"2023-06-03T17:26:19","guid":{"rendered":"https:\/\/kuesten-jungle.de\/?post_type=product&#038;p=5210"},"modified":"2026-03-18T08:22:13","modified_gmt":"2026-03-18T07:22:13","slug":"begonia-mix-spezialsubstrat-fuer-begonien-und-co","status":"publish","type":"product","link":"https:\/\/kuesten-jungle.de\/en\/product\/begonia-mix-spezialsubstrat-fuer-begonien-und-co\/","title":{"rendered":"Begonia Mix - special substrate for begonias and co"},"content":{"rendered":"","protected":false},"excerpt":{"rendered":"<p>Most of the best-known and most spectacular ornamental leaf begonias originate from South East Asia, where they usually grow in limestone soils. Our begonia mix is designed to imitate these conditions. It is fine and very dimensionally stable and therefore ideal for the fine roots of these begonias. It also does not compact and therefore has a long service life.<\/p>\n<p>Zeolite, pumice and lava granulate as well as the clay powder and primary rock flour increase the <span class=\"ILfuVd\"><span class=\"hgKElc\">Exchange capacity for vital micronutrients.<\/span><\/span><\/p>\n<p>Our substrate consists of:<\/p>\n<ul>\n<li>fine peat-free soil mix<\/li>\n<li>Perlite<\/li>\n<li>Pumice granules<\/li>\n<li>Lava granules<\/li>\n<li>Zeolite<\/li>\n<li>Clay powder<\/li>\n<li>Primary rock flour<\/li>\n<\/ul>\n<p><strong>Please note:<\/strong> Our substrates are <strong>not<\/strong> are mixed and filled by machine and can therefore sometimes have a slightly different composition. In addition, approx. 10% more substrate should be planned due to the pressing down during potting.<\/p>\n<p><strong>The price refers to one liter<\/strong><\/p>","protected":false},"featured_media":5211,"comment_status":"open","ping_status":"closed","template":"","meta":[],"product_brand":[],"product_cat":[206],"product_tag":[394,392,393],"class_list":{"0":"post-5210","1":"product","2":"type-product","3":"status-publish","4":"has-post-thumbnail","6":"product_cat-zubehoer","7":"product_tag-begonin-erde","8":"product_tag-begonia-mix","9":"product_tag-begonia-erde","11":"first","12":"outofstock","13":"taxable","14":"shipping-taxable","15":"purchasable","16":"product-type-simple"},"acf":[],"yoast_head":"<!-- This site is optimized with the Yoast SEO plugin v27.3 - https:\/\/yoast.com\/product\/yoast-seo-wordpress\/ -->\n<title>Begonia Mix - Spezialsubstrat f\u00fcr Begonien und Co - K\u00fcsten Jungle<\/title>\n<meta name=\"robots\" content=\"index, follow, max-snippet:-1, max-image-preview:large, max-video-preview:-1\" \/>\n<link rel=\"canonical\" href=\"https:\/\/kuesten-jungle.de\/en\/product\/begonia-mix-spezialsubstrat-fuer-begonien-und-co\/\" \/>\n<meta property=\"og:locale\" content=\"en_US\" \/>\n<meta property=\"og:type\" content=\"article\" \/>\n<meta property=\"og:title\" content=\"Begonia Mix - Spezialsubstrat f\u00fcr Begonien und Co - K\u00fcsten Jungle\" \/>\n<meta property=\"og:description\" content=\"Die meisten der bekanntesten und spektakul\u00e4rsten Blattschmuckbegonien stammen aus S\u00fcdostasien, wo sie meist in kalksteinhaltigen B\u00f6den wachsen. Unser Begonia-Mix soll diese Bedingungen imitieren. Es ist fein , sowie sehr formstabil und daher ideal f\u00fcr die feinen Wurzeln dieser Begonien. Es verdichtet sich auch nicht und hat daher eine lange Standzeit.  Zeolith, Bims und Lavagranulat sowie das Lehmpulver und Urgesteinsmehl erh\u00f6hen die Austauschkapazit\u00e4t f\u00fcr lebenswichtige Mikron\u00e4hrstoffe.  Unser Substrat besteht aus:   feiner torffreier Erdmix  Perlit  Bimsgranulat  Lavagranulat  Zeolith  Lehmpulver  Urgesteinsmehl  Bitte beachte: Unsere Substrate werden nicht maschinell gemischt und abgef\u00fcllt und k\u00f6nnnen daher manchmal leicht abweichend zusammengesetzt sein. Au\u00dferdem sollten durch das Andr\u00fccken beim Topfen ca. 10% mehr Substrat eingeplant werden.  Der Preis bezieht sich auf einen Liter\" \/>\n<meta property=\"og:url\" content=\"https:\/\/kuesten-jungle.de\/en\/product\/begonia-mix-spezialsubstrat-fuer-begonien-und-co\/\" \/>\n<meta property=\"og:site_name\" content=\"K\u00fcsten Jungle\" \/>\n<meta property=\"article:modified_time\" content=\"2026-03-18T07:22:13+00:00\" \/>\n<meta property=\"og:image\" content=\"https:\/\/kuesten-jungle.de\/wp-content\/uploads\/2023\/06\/IMG_20230603_173433.jpg\" \/>\n\t<meta property=\"og:image:width\" content=\"1920\" \/>\n\t<meta property=\"og:image:height\" content=\"1440\" \/>\n\t<meta property=\"og:image:type\" content=\"image\/jpeg\" \/>\n<meta name=\"twitter:card\" content=\"summary_large_image\" \/>\n<meta name=\"twitter:label1\" content=\"Est. reading time\" \/>\n\t<meta name=\"twitter:data1\" content=\"1 minute\" \/>\n<script type=\"application\/ld+json\" class=\"yoast-schema-graph\">{\"@context\":\"https:\\\/\\\/schema.org\",\"@graph\":[{\"@type\":\"WebPage\",\"@id\":\"https:\\\/\\\/kuesten-jungle.de\\\/product\\\/begonia-mix-spezialsubstrat-fuer-begonien-und-co\\\/\",\"url\":\"https:\\\/\\\/kuesten-jungle.de\\\/product\\\/begonia-mix-spezialsubstrat-fuer-begonien-und-co\\\/\",\"name\":\"Begonia Mix - Spezialsubstrat f\u00fcr Begonien und Co - K\u00fcsten Jungle\",\"isPartOf\":{\"@id\":\"https:\\\/\\\/kuesten-jungle.de\\\/#website\"},\"primaryImageOfPage\":{\"@id\":\"https:\\\/\\\/kuesten-jungle.de\\\/product\\\/begonia-mix-spezialsubstrat-fuer-begonien-und-co\\\/#primaryimage\"},\"image\":{\"@id\":\"https:\\\/\\\/kuesten-jungle.de\\\/product\\\/begonia-mix-spezialsubstrat-fuer-begonien-und-co\\\/#primaryimage\"},\"thumbnailUrl\":\"https:\\\/\\\/kuesten-jungle.de\\\/wp-content\\\/uploads\\\/2023\\\/06\\\/IMG_20230603_173433.jpg\",\"datePublished\":\"2023-06-03T17:26:19+00:00\",\"dateModified\":\"2026-03-18T07:22:13+00:00\",\"breadcrumb\":{\"@id\":\"https:\\\/\\\/kuesten-jungle.de\\\/product\\\/begonia-mix-spezialsubstrat-fuer-begonien-und-co\\\/#breadcrumb\"},\"inLanguage\":\"en-US\",\"potentialAction\":[{\"@type\":\"ReadAction\",\"target\":[\"https:\\\/\\\/kuesten-jungle.de\\\/product\\\/begonia-mix-spezialsubstrat-fuer-begonien-und-co\\\/\"]}]},{\"@type\":\"ImageObject\",\"inLanguage\":\"en-US\",\"@id\":\"https:\\\/\\\/kuesten-jungle.de\\\/product\\\/begonia-mix-spezialsubstrat-fuer-begonien-und-co\\\/#primaryimage\",\"url\":\"https:\\\/\\\/kuesten-jungle.de\\\/wp-content\\\/uploads\\\/2023\\\/06\\\/IMG_20230603_173433.jpg\",\"contentUrl\":\"https:\\\/\\\/kuesten-jungle.de\\\/wp-content\\\/uploads\\\/2023\\\/06\\\/IMG_20230603_173433.jpg\",\"width\":1920,\"height\":1440},{\"@type\":\"BreadcrumbList\",\"@id\":\"https:\\\/\\\/kuesten-jungle.de\\\/product\\\/begonia-mix-spezialsubstrat-fuer-begonien-und-co\\\/#breadcrumb\",\"itemListElement\":[{\"@type\":\"ListItem\",\"position\":1,\"name\":\"Startseite\",\"item\":\"https:\\\/\\\/kuesten-jungle.de\\\/\"},{\"@type\":\"ListItem\",\"position\":2,\"name\":\"Shop\",\"item\":\"https:\\\/\\\/kuesten-jungle.de\\\/shop\\\/\"},{\"@type\":\"ListItem\",\"position\":3,\"name\":\"Begonia Mix &#8211; Spezialsubstrat f\u00fcr Begonien und Co\"}]},{\"@type\":\"WebSite\",\"@id\":\"https:\\\/\\\/kuesten-jungle.de\\\/#website\",\"url\":\"https:\\\/\\\/kuesten-jungle.de\\\/\",\"name\":\"K\u00fcsten Jungle\",\"description\":\"Dein Shop f\u00fcr deinen Jungle\",\"publisher\":{\"@id\":\"https:\\\/\\\/kuesten-jungle.de\\\/#organization\"},\"potentialAction\":[{\"@type\":\"SearchAction\",\"target\":{\"@type\":\"EntryPoint\",\"urlTemplate\":\"https:\\\/\\\/kuesten-jungle.de\\\/?s={search_term_string}\"},\"query-input\":{\"@type\":\"PropertyValueSpecification\",\"valueRequired\":true,\"valueName\":\"search_term_string\"}}],\"inLanguage\":\"en-US\"},{\"@type\":\"Organization\",\"@id\":\"https:\\\/\\\/kuesten-jungle.de\\\/#organization\",\"name\":\"K\u00fcsten Jungle\",\"url\":\"https:\\\/\\\/kuesten-jungle.de\\\/\",\"logo\":{\"@type\":\"ImageObject\",\"inLanguage\":\"en-US\",\"@id\":\"https:\\\/\\\/kuesten-jungle.de\\\/#\\\/schema\\\/logo\\\/image\\\/\",\"url\":\"https:\\\/\\\/kuesten-jungle.de\\\/wp-content\\\/uploads\\\/2022\\\/01\\\/weiss-pngss-1.png\",\"contentUrl\":\"https:\\\/\\\/kuesten-jungle.de\\\/wp-content\\\/uploads\\\/2022\\\/01\\\/weiss-pngss-1.png\",\"width\":1014,\"height\":1347,\"caption\":\"K\u00fcsten Jungle\"},\"image\":{\"@id\":\"https:\\\/\\\/kuesten-jungle.de\\\/#\\\/schema\\\/logo\\\/image\\\/\"}}]}<\/script>\n<!-- \/ Yoast SEO plugin. -->","yoast_head_json":{"title":"Begonia Mix - Spezialsubstrat f\u00fcr Begonien und Co - K\u00fcsten Jungle","robots":{"index":"index","follow":"follow","max-snippet":"max-snippet:-1","max-image-preview":"max-image-preview:large","max-video-preview":"max-video-preview:-1"},"canonical":"https:\/\/kuesten-jungle.de\/en\/product\/begonia-mix-spezialsubstrat-fuer-begonien-und-co\/","og_locale":"en_US","og_type":"article","og_title":"Begonia Mix - Spezialsubstrat f\u00fcr Begonien und Co - K\u00fcsten Jungle","og_description":"Die meisten der bekanntesten und spektakul\u00e4rsten Blattschmuckbegonien stammen aus S\u00fcdostasien, wo sie meist in kalksteinhaltigen B\u00f6den wachsen. Unser Begonia-Mix soll diese Bedingungen imitieren. Es ist fein , sowie sehr formstabil und daher ideal f\u00fcr die feinen Wurzeln dieser Begonien. Es verdichtet sich auch nicht und hat daher eine lange Standzeit.  Zeolith, Bims und Lavagranulat sowie das Lehmpulver und Urgesteinsmehl erh\u00f6hen die Austauschkapazit\u00e4t f\u00fcr lebenswichtige Mikron\u00e4hrstoffe.  Unser Substrat besteht aus:   feiner torffreier Erdmix  Perlit  Bimsgranulat  Lavagranulat  Zeolith  Lehmpulver  Urgesteinsmehl  Bitte beachte: Unsere Substrate werden nicht maschinell gemischt und abgef\u00fcllt und k\u00f6nnnen daher manchmal leicht abweichend zusammengesetzt sein. Au\u00dferdem sollten durch das Andr\u00fccken beim Topfen ca. 10% mehr Substrat eingeplant werden.  Der Preis bezieht sich auf einen Liter","og_url":"https:\/\/kuesten-jungle.de\/en\/product\/begonia-mix-spezialsubstrat-fuer-begonien-und-co\/","og_site_name":"K\u00fcsten Jungle","article_modified_time":"2026-03-18T07:22:13+00:00","og_image":[{"width":1920,"height":1440,"url":"https:\/\/kuesten-jungle.de\/wp-content\/uploads\/2023\/06\/IMG_20230603_173433.jpg","type":"image\/jpeg"}],"twitter_card":"summary_large_image","twitter_misc":{"Est. reading time":"1 minute"},"schema":{"@context":"https:\/\/schema.org","@graph":[{"@type":"WebPage","@id":"https:\/\/kuesten-jungle.de\/product\/begonia-mix-spezialsubstrat-fuer-begonien-und-co\/","url":"https:\/\/kuesten-jungle.de\/product\/begonia-mix-spezialsubstrat-fuer-begonien-und-co\/","name":"Begonia Mix - Spezialsubstrat f\u00fcr Begonien und Co - K\u00fcsten Jungle","isPartOf":{"@id":"https:\/\/kuesten-jungle.de\/#website"},"primaryImageOfPage":{"@id":"https:\/\/kuesten-jungle.de\/product\/begonia-mix-spezialsubstrat-fuer-begonien-und-co\/#primaryimage"},"image":{"@id":"https:\/\/kuesten-jungle.de\/product\/begonia-mix-spezialsubstrat-fuer-begonien-und-co\/#primaryimage"},"thumbnailUrl":"https:\/\/kuesten-jungle.de\/wp-content\/uploads\/2023\/06\/IMG_20230603_173433.jpg","datePublished":"2023-06-03T17:26:19+00:00","dateModified":"2026-03-18T07:22:13+00:00","breadcrumb":{"@id":"https:\/\/kuesten-jungle.de\/product\/begonia-mix-spezialsubstrat-fuer-begonien-und-co\/#breadcrumb"},"inLanguage":"en-US","potentialAction":[{"@type":"ReadAction","target":["https:\/\/kuesten-jungle.de\/product\/begonia-mix-spezialsubstrat-fuer-begonien-und-co\/"]}]},{"@type":"ImageObject","inLanguage":"en-US","@id":"https:\/\/kuesten-jungle.de\/product\/begonia-mix-spezialsubstrat-fuer-begonien-und-co\/#primaryimage","url":"https:\/\/kuesten-jungle.de\/wp-content\/uploads\/2023\/06\/IMG_20230603_173433.jpg","contentUrl":"https:\/\/kuesten-jungle.de\/wp-content\/uploads\/2023\/06\/IMG_20230603_173433.jpg","width":1920,"height":1440},{"@type":"BreadcrumbList","@id":"https:\/\/kuesten-jungle.de\/product\/begonia-mix-spezialsubstrat-fuer-begonien-und-co\/#breadcrumb","itemListElement":[{"@type":"ListItem","position":1,"name":"Startseite","item":"https:\/\/kuesten-jungle.de\/"},{"@type":"ListItem","position":2,"name":"Shop","item":"https:\/\/kuesten-jungle.de\/shop\/"},{"@type":"ListItem","position":3,"name":"Begonia Mix &#8211; Spezialsubstrat f\u00fcr Begonien und Co"}]},{"@type":"WebSite","@id":"https:\/\/kuesten-jungle.de\/#website","url":"https:\/\/kuesten-jungle.de\/","name":"K\u00fcsten Jungle","description":"Your store for your jungle","publisher":{"@id":"https:\/\/kuesten-jungle.de\/#organization"},"potentialAction":[{"@type":"SearchAction","target":{"@type":"EntryPoint","urlTemplate":"https:\/\/kuesten-jungle.de\/?s={search_term_string}"},"query-input":{"@type":"PropertyValueSpecification","valueRequired":true,"valueName":"search_term_string"}}],"inLanguage":"en-US"},{"@type":"Organization","@id":"https:\/\/kuesten-jungle.de\/#organization","name":"K\u00fcsten Jungle","url":"https:\/\/kuesten-jungle.de\/","logo":{"@type":"ImageObject","inLanguage":"en-US","@id":"https:\/\/kuesten-jungle.de\/#\/schema\/logo\/image\/","url":"https:\/\/kuesten-jungle.de\/wp-content\/uploads\/2022\/01\/weiss-pngss-1.png","contentUrl":"https:\/\/kuesten-jungle.de\/wp-content\/uploads\/2022\/01\/weiss-pngss-1.png","width":1014,"height":1347,"caption":"K\u00fcsten Jungle"},"image":{"@id":"https:\/\/kuesten-jungle.de\/#\/schema\/logo\/image\/"}}]}},"_links":{"self":[{"href":"https:\/\/kuesten-jungle.de\/en\/wp-json\/wp\/v2\/product\/5210","targetHints":{"allow":["GET"]}}],"collection":[{"href":"https:\/\/kuesten-jungle.de\/en\/wp-json\/wp\/v2\/product"}],"about":[{"href":"https:\/\/kuesten-jungle.de\/en\/wp-json\/wp\/v2\/types\/product"}],"replies":[{"embeddable":true,"href":"https:\/\/kuesten-jungle.de\/en\/wp-json\/wp\/v2\/comments?post=5210"}],"wp:featuredmedia":[{"embeddable":true,"href":"https:\/\/kuesten-jungle.de\/en\/wp-json\/wp\/v2\/media\/5211"}],"wp:attachment":[{"href":"https:\/\/kuesten-jungle.de\/en\/wp-json\/wp\/v2\/media?parent=5210"}],"wp:term":[{"taxonomy":"product_brand","embeddable":true,"href":"https:\/\/kuesten-jungle.de\/en\/wp-json\/wp\/v2\/product_brand?post=5210"},{"taxonomy":"product_cat","embeddable":true,"href":"https:\/\/kuesten-jungle.de\/en\/wp-json\/wp\/v2\/product_cat?post=5210"},{"taxonomy":"product_tag","embeddable":true,"href":"https:\/\/kuesten-jungle.de\/en\/wp-json\/wp\/v2\/product_tag?post=5210"}],"curies":[{"name":"wp","href":"https:\/\/api.w.org\/{rel}","templated":true}]}}